{"id":71,"date":"2025-02-18T19:50:36","date_gmt":"2025-02-18T18:50:36","guid":{"rendered":"https:\/\/globe-trott.com\/?page_id=71"},"modified":"2025-04-17T09:08:38","modified_gmt":"2025-04-17T07:08:38","slug":"le-concept","status":"publish","type":"page","link":"https:\/\/globe-trott.com\/fr\/le-concept\/","title":{"rendered":"Le Concept"},"content":{"rendered":"\t\t<div data-elementor-type=\"wp-page\" data-elementor-id=\"71\" class=\"elementor elementor-71\" data-elementor-post-type=\"page\">\n\t\t\t\t<div class=\"elementor-element elementor-element-e019821 e-flex e-con-boxed e-con e-parent\" data-id=\"e019821\" data-element_type=\"container\" data-settings=\"{&quot;background_background&quot;:&quot;classic&quot;}\">\n\t\t\t\t\t<div class=\"e-con-inner\">\n\t\t\t\t<div class=\"elementor-element elementor-element-427a65b elementor-widget elementor-widget-image\" data-id=\"427a65b\" data-element_type=\"widget\" data-widget_type=\"image.default\">\n\t\t\t\t\t\t\t\t\t\t\t\t\t\t\t<img fetchpriority=\"high\" decoding=\"async\" width=\"600\" height=\"540\" src=\"https:\/\/globe-trott.com\/wp-content\/uploads\/2025\/04\/LOGO-Globe-Trott-blanc.png\" class=\"attachment-large size-large wp-image-739\" alt=\"\" srcset=\"https:\/\/globe-trott.com\/wp-content\/uploads\/2025\/04\/LOGO-Globe-Trott-blanc.png 600w, https:\/\/globe-trott.com\/wp-content\/uploads\/2025\/04\/LOGO-Globe-Trott-blanc-300x270.png 300w\" sizes=\"(max-width: 600px) 100vw, 600px\" \/>\t\t\t\t\t\t\t\t\t\t\t\t\t\t\t<\/div>\n\t\t\t\t<div class=\"elementor-element elementor-element-dd7510f elementor-widget elementor-widget-heading\" data-id=\"dd7510f\" data-element_type=\"widget\" data-widget_type=\"heading.default\">\n\t\t\t\t\t<h2 class=\"elementor-heading-title elementor-size-default\">Le concept nature et tout terrain<\/h2>\t\t\t\t<\/div>\n\t\t\t\t\t<\/div>\n\t\t\t\t<\/div>\n\t\t<div class=\"elementor-element elementor-element-61883a5 e-con-full e-flex e-con e-parent\" data-id=\"61883a5\" data-element_type=\"container\">\n\t\t<div class=\"elementor-element elementor-element-9073109 e-con-full e-flex e-con e-child\" data-id=\"9073109\" data-element_type=\"container\">\n\t\t\t\t<div class=\"elementor-element elementor-element-dce3a41 elementor-widget elementor-widget-heading\" data-id=\"dce3a41\" data-element_type=\"widget\" data-widget_type=\"heading.default\">\n\t\t\t\t\t<h2 class=\"elementor-heading-title elementor-size-default\">Pourquoi choisir Globe-Trott ?<\/h2>\t\t\t\t<\/div>\n\t\t\t\t<div class=\"elementor-element elementor-element-29af837 elementor-widget elementor-widget-text-editor\" data-id=\"29af837\" data-element_type=\"widget\" data-widget_type=\"text-editor.default\">\n\t\t\t\t\t\t\t\t\t<p data-start=\"637\" data-end=\"901\">Tu aimes l\u2019aventure, mais sans te fatiguer ? Tu veux explorer des paysages incroyables en toute libert\u00e9 ? Avec <strong data-start=\"748\" data-end=\"763\">Globe-Trott<\/strong>, finis les randonn\u00e9es \u00e9puisantes et place \u00e0 une <strong data-start=\"812\" data-end=\"844\">nouvelle fa\u00e7on de se balader<\/strong>, plus fun, plus fluide et surtout <strong data-start=\"879\" data-end=\"897\">adapt\u00e9e \u00e0 tous<\/strong> !  <\/p><p data-start=\"903\" data-end=\"1198\">Nos <strong data-start=\"907\" data-end=\"948\">trottinettes \u00e9lectriques tout-terrain<\/strong> sont <strong data-start=\"954\" data-end=\"1006\">puissantes, stables et faciles \u00e0 prendre en main<\/strong>, ce qui les rend id\u00e9ales pour <strong data-start=\"1037\" data-end=\"1063\">toutes les g\u00e9n\u00e9rations<\/strong>, des ados aux seniors. Elles permettent de parcourir des distances impressionnantes sans effort, en totale immersion avec la nature. <\/p><blockquote data-start=\"1200\" data-end=\"1309\"><p data-start=\"1202\" data-end=\"1309\"><strong data-start=\"1205\" data-end=\"1258\">Un mode de d\u00e9couverte unique, \u00e9colo et silencieux<\/strong>, pour une connexion totale avec l\u2019environnement.<\/p><\/blockquote>\t\t\t\t\t\t\t\t<\/div>\n\t\t\t\t<\/div>\n\t\t<div class=\"elementor-element elementor-element-d72de04 e-con-full e-flex e-con e-child\" data-id=\"d72de04\" data-element_type=\"container\" data-settings=\"{&quot;background_background&quot;:&quot;classic&quot;}\">\n\t\t\t\t<\/div>\n\t\t\t\t<\/div>\n\t\t<div class=\"elementor-element elementor-element-cf2f64c e-con-full e-flex e-con e-parent\" data-id=\"cf2f64c\" data-element_type=\"container\">\n\t\t<div class=\"elementor-element elementor-element-4ddeadd e-con-full e-flex e-con e-child\" data-id=\"4ddeadd\" data-element_type=\"container\" data-settings=\"{&quot;background_background&quot;:&quot;classic&quot;}\">\n\t\t\t\t<\/div>\n\t\t<div class=\"elementor-element elementor-element-c903207 e-con-full e-flex e-con e-child\" data-id=\"c903207\" data-element_type=\"container\">\n\t\t\t\t<div class=\"elementor-element elementor-element-0d28321 elementor-widget elementor-widget-heading\" data-id=\"0d28321\" data-element_type=\"widget\" data-widget_type=\"heading.default\">\n\t\t\t\t\t<h2 class=\"elementor-heading-title elementor-size-default\">Une aventure pour tous les go\u00fbts<\/h2>\t\t\t\t<\/div>\n\t\t\t\t<div class=\"elementor-element elementor-element-ace442d elementor-widget elementor-widget-text-editor\" data-id=\"ace442d\" data-element_type=\"widget\" data-widget_type=\"text-editor.default\">\n\t\t\t\t\t\t\t\t\t<p data-start=\"1358\" data-end=\"1473\">Que tu sois <strong data-start=\"1370\" data-end=\"1431\">un amateur de sensations fortes ou un explorateur curieux<\/strong>, nous avons le parcours qu\u2019il te faut !<\/p><p data-start=\"1358\" data-end=\"1473\"><strong data-start=\"1478\" data-end=\"1502\">Envie d\u2019adr\u00e9naline ?<\/strong> Pars sur des sentiers techniques et joue avec le relief.<br data-start=\"1559\" data-end=\"1562\"><strong data-start=\"1565\" data-end=\"1587\">Besoin d\u2019\u00e9vasion ?<\/strong> Suis la c\u00f4te et admire des vues panoramiques \u00e0 couper le souffle.<br data-start=\"1653\" data-end=\"1656\"><strong data-start=\"1659\" data-end=\"1683\">Fan de d\u00e9couvertes ?<\/strong> Traverse des vignobles et des villages pittoresques pour une balade culturelle et gourmande.<\/p><p data-start=\"1780\" data-end=\"1929\">Nos itin\u00e9raires sont pens\u00e9s pour \u00eatre <strong data-start=\"1818\" data-end=\"1848\">adapt\u00e9s \u00e0 tous les niveaux<\/strong>, et nos guides sont l\u00e0 pour t\u2019accompagner et te donner les meilleurs conseils.<\/p>\t\t\t\t\t\t\t\t<\/div>\n\t\t\t\t<\/div>\n\t\t\t\t<\/div>\n\t\t<div class=\"elementor-element elementor-element-e61a189 e-con-full e-flex e-con e-parent\" data-id=\"e61a189\" data-element_type=\"container\">\n\t\t<div class=\"elementor-element elementor-element-f47d574 e-con-full e-flex e-con e-child\" data-id=\"f47d574\" data-element_type=\"container\">\n\t\t\t\t<div class=\"elementor-element elementor-element-cbc4a7b elementor-widget elementor-widget-heading\" data-id=\"cbc4a7b\" data-element_type=\"widget\" data-widget_type=\"heading.default\">\n\t\t\t\t\t<h2 class=\"elementor-heading-title elementor-size-default\">Une activit\u00e9 id\u00e9ale pour les groupes !<\/h2>\t\t\t\t<\/div>\n\t\t\t\t<div class=\"elementor-element elementor-element-b1977b1 elementor-widget elementor-widget-text-editor\" data-id=\"b1977b1\" data-element_type=\"widget\" data-widget_type=\"text-editor.default\">\n\t\t\t\t\t\t\t\t\t<p data-start=\"1988\" data-end=\"2239\">Globe-Trott, c\u2019est <strong data-start=\"2007\" data-end=\"2041\">bien plus qu\u2019une simple balade<\/strong> : c\u2019est une <strong data-start=\"2054\" data-end=\"2079\">exp\u00e9rience \u00e0 partager<\/strong> ! Que tu sois <strong data-start=\"2094\" data-end=\"2142\">en famille, entre amis ou avec tes coll\u00e8gues<\/strong>, la trottinette \u00e9lectrique est <strong data-start=\"2174\" data-end=\"2236\">l\u2019activit\u00e9 parfaite pour se retrouver et s\u2019amuser ensemble<\/strong>.<\/p><p data-start=\"2241\" data-end=\"2680\"><strong data-start=\"2253\" data-end=\"2267\">En famille<\/strong> : Offre \u00e0 tes proches une aventure ludique et originale, o\u00f9 petits et grands peuvent rouler ensemble et profiter d\u2019un moment inoubliable.<br data-start=\"2405\" data-end=\"2408\"><strong data-start=\"2411\" data-end=\"2425\">Entre amis<\/strong> : Un anniversaire \u00e0 f\u00eater ? Un EVG\/EVJF \u00e0 organiser ? Globe-Trott, c\u2019est le combo parfait entre fun et sensations !  <br data-start=\"2541\" data-end=\"2544\"><strong data-start=\"2547\" data-end=\"2564\">En entreprise<\/strong> : Renforce la coh\u00e9sion de ton \u00e9quipe avec une activit\u00e9 de <strong data-start=\"2623\" data-end=\"2648\">team-building outdoor<\/strong> qui m\u00eale nature et amusement.<\/p><p data-start=\"2682\" data-end=\"2864\">Avec nos diff\u00e9rentes formules, tu peux choisir une sortie sur-mesure adapt\u00e9e \u00e0 ton groupe et \u00e0 tes envies.  <strong data-start=\"2789\" data-end=\"2862\">L\u2019essentiel ? Partager un moment unique, dans un cadre exceptionnel ! <\/strong><\/p>\t\t\t\t\t\t\t\t<\/div>\n\t\t\t\t<\/div>\n\t\t<div class=\"elementor-element elementor-element-fc0c110 e-con-full e-flex e-con e-child\" data-id=\"fc0c110\" data-element_type=\"container\" data-settings=\"{&quot;background_background&quot;:&quot;classic&quot;}\">\n\t\t\t\t<\/div>\n\t\t\t\t<\/div>\n\t\t<div class=\"elementor-element elementor-element-17d0f41 e-flex e-con-boxed e-con e-parent\" data-id=\"17d0f41\" data-element_type=\"container\">\n\t\t\t\t\t<div class=\"e-con-inner\">\n\t\t\t\t<div class=\"elementor-element elementor-element-3958085 elementor-widget elementor-widget-heading\" data-id=\"3958085\" data-element_type=\"widget\" data-widget_type=\"heading.default\">\n\t\t\t\t\t<h2 class=\"elementor-heading-title elementor-size-default\">Pr\u00eat \u00e0 trotter vers l\u2019aventure ?<\/h2>\t\t\t\t<\/div>\n\t\t\t\t<div class=\"elementor-element elementor-element-6600288 elementor-widget elementor-widget-text-editor\" data-id=\"6600288\" data-element_type=\"widget\" data-widget_type=\"text-editor.default\">\n\t\t\t\t\t\t\t\t\t<p data-start=\"3436\" data-end=\"3607\">Que tu sois en qu\u00eate d\u2019un <strong data-start=\"3462\" data-end=\"3483\">moment de d\u00e9tente<\/strong>, d\u2019une <strong data-start=\"3491\" data-end=\"3513\">dose de sensations<\/strong> ou d\u2019une <strong data-start=\"3523\" data-end=\"3555\">activit\u00e9 originale en groupe<\/strong>, <strong data-start=\"3557\" data-end=\"3572\">Globe-Trott<\/strong> a l\u2019exp\u00e9rience qu\u2019il te faut.<\/p><p data-start=\"3609\" data-end=\"3729\"><strong data-start=\"3609\" data-end=\"3639\">Alors, on part en balade ?<\/strong>  R\u00e9serve d\u00e8s maintenant et pr\u00e9pare-toi \u00e0 une aventure inoubliable en Catalogne du Nord !<\/p>\t\t\t\t\t\t\t\t<\/div>\n\t\t\t\t<div class=\"elementor-element elementor-element-7735272 elementor-align-center elementor-widget elementor-widget-button\" data-id=\"7735272\" data-element_type=\"widget\" data-widget_type=\"button.default\">\n\t\t\t\t\t\t\t\t\t\t<a class=\"elementor-button elementor-button-link elementor-size-sm\" href=\"https:\/\/globe-trott.com\/reservation-de-session\/\">\n\t\t\t\t\t\t<span class=\"elementor-button-content-wrapper\">\n\t\t\t\t\t\t\t\t\t<span class=\"elementor-button-text\">Je R\u00e9serve ma session<\/span>\n\t\t\t\t\t<\/span>\n\t\t\t\t\t<\/a>\n\t\t\t\t\t\t\t\t<\/div>\n\t\t\t\t\t<\/div>\n\t\t\t\t<\/div>\n\t\t\t\t<\/div>\n\t\t","protected":false},"excerpt":{"rendered":"<p>Le concept nature et tout terrain Pourquoi choisir Globe-Trott ? Tu aimes l\u2019aventure, mais sans te fatiguer ? Tu veux explorer des paysages incroyables en toute libert\u00e9 ? Avec Globe-Trott, finis les randonn\u00e9es \u00e9puisantes et place \u00e0 une nouvelle fa\u00e7on de se balader, plus fun, plus fluide et surtout adapt\u00e9e \u00e0 tous ! Nos trottinettes [&hellip;]<\/p>\n","protected":false},"author":1,"featured_media":0,"parent":0,"menu_order":0,"comment_status":"closed","ping_status":"closed","template":"elementor_header_footer","meta":{"_joinchat":[],"footnotes":""},"class_list":["post-71","page","type-page","status-publish","hentry"],"aioseo_notices":[],"_links":{"self":[{"href":"https:\/\/globe-trott.com\/fr\/wp-json\/wp\/v2\/pages\/71","targetHints":{"allow":["GET"]}}],"collection":[{"href":"https:\/\/globe-trott.com\/fr\/wp-json\/wp\/v2\/pages"}],"about":[{"href":"https:\/\/globe-trott.com\/fr\/wp-json\/wp\/v2\/types\/page"}],"author":[{"embeddable":true,"href":"https:\/\/globe-trott.com\/fr\/wp-json\/wp\/v2\/users\/1"}],"replies":[{"embeddable":true,"href":"https:\/\/globe-trott.com\/fr\/wp-json\/wp\/v2\/comments?post=71"}],"version-history":[{"count":40,"href":"https:\/\/globe-trott.com\/fr\/wp-json\/wp\/v2\/pages\/71\/revisions"}],"predecessor-version":[{"id":760,"href":"https:\/\/globe-trott.com\/fr\/wp-json\/wp\/v2\/pages\/71\/revisions\/760"}],"wp:attachment":[{"href":"https:\/\/globe-trott.com\/fr\/wp-json\/wp\/v2\/media?parent=71"}],"curies":[{"name":"wp","href":"https:\/\/api.w.org\/{rel}","templated":true}]}}