{"id":251,"date":"2025-03-11T14:56:08","date_gmt":"2025-03-11T13:56:08","guid":{"rendered":"https:\/\/globe-trott.com\/?page_id=251"},"modified":"2025-07-04T11:08:20","modified_gmt":"2025-07-04T09:08:20","slug":"balade-punta-mila","status":"publish","type":"page","link":"https:\/\/globe-trott.com\/fr\/les-sorties\/balade-punta-mila\/","title":{"rendered":"Balade Punta Mila"},"content":{"rendered":"\t\t<div data-elementor-type=\"wp-page\" data-elementor-id=\"251\" class=\"elementor elementor-251\" data-elementor-post-type=\"page\">\n\t\t\t\t<div class=\"elementor-element elementor-element-83e54e6 e-flex e-con-boxed e-con e-parent\" data-id=\"83e54e6\" data-element_type=\"container\" data-settings=\"{&quot;background_background&quot;:&quot;classic&quot;}\">\n\t\t\t\t\t<div class=\"e-con-inner\">\n\t\t<div class=\"elementor-element elementor-element-a81d13a e-con-full e-flex e-con e-child\" data-id=\"a81d13a\" data-element_type=\"container\">\n\t\t\t\t<div class=\"elementor-element elementor-element-e8138f0 elementor-widget elementor-widget-image\" data-id=\"e8138f0\" data-element_type=\"widget\" data-widget_type=\"image.default\">\n\t\t\t\t\t\t\t\t\t\t\t\t\t\t\t<img fetchpriority=\"high\" decoding=\"async\" width=\"800\" height=\"802\" src=\"https:\/\/globe-trott.com\/wp-content\/uploads\/2025\/02\/LOGO-Globe-Trott-Principal-1022x1024.png\" class=\"attachment-large size-large wp-image-8\" alt=\"\" srcset=\"https:\/\/globe-trott.com\/wp-content\/uploads\/2025\/02\/LOGO-Globe-Trott-Principal-1022x1024.png 1022w, https:\/\/globe-trott.com\/wp-content\/uploads\/2025\/02\/LOGO-Globe-Trott-Principal-300x300.png 300w, https:\/\/globe-trott.com\/wp-content\/uploads\/2025\/02\/LOGO-Globe-Trott-Principal-150x150.png 150w, https:\/\/globe-trott.com\/wp-content\/uploads\/2025\/02\/LOGO-Globe-Trott-Principal-768x769.png 768w, https:\/\/globe-trott.com\/wp-content\/uploads\/2025\/02\/LOGO-Globe-Trott-Principal-1534x1536.png 1534w, https:\/\/globe-trott.com\/wp-content\/uploads\/2025\/02\/LOGO-Globe-Trott-Principal.png 2000w\" sizes=\"(max-width: 800px) 100vw, 800px\" \/>\t\t\t\t\t\t\t\t\t\t\t\t\t\t\t<\/div>\n\t\t\t\t<div class=\"elementor-element elementor-element-c90a2fe elementor-align-center elementor-invisible elementor-widget elementor-widget-button\" data-id=\"c90a2fe\" data-element_type=\"widget\" data-settings=\"{&quot;_animation&quot;:&quot;fadeIn&quot;}\" data-widget_type=\"button.default\">\n\t\t\t\t\t\t\t\t\t\t<a class=\"elementor-button elementor-button-link elementor-size-sm\" href=\"https:\/\/globe-trott.com\/fr\/reservation-de-session\/\">\n\t\t\t\t\t\t<span class=\"elementor-button-content-wrapper\">\n\t\t\t\t\t\t\t\t\t<span class=\"elementor-button-text\">Je r\u00e9serve ma session<\/span>\n\t\t\t\t\t<\/span>\n\t\t\t\t\t<\/a>\n\t\t\t\t\t\t\t\t<\/div>\n\t\t\t\t<\/div>\n\t\t<div class=\"elementor-element elementor-element-1f10786 e-con-full e-flex e-con e-child\" data-id=\"1f10786\" data-element_type=\"container\" data-settings=\"{&quot;background_background&quot;:&quot;classic&quot;}\">\n\t\t\t\t<div class=\"elementor-element elementor-element-d99d7c1 elementor-widget elementor-widget-text-editor\" data-id=\"d99d7c1\" data-element_type=\"widget\" data-widget_type=\"text-editor.default\">\n\t\t\t\t\t\t\t\t\t<h2 style=\"text-align: center;\" data-start=\"119\" data-end=\"225\"><strong data-start=\"125\" data-end=\"218\">Balade Punta Mila \u2013 Entre Nature et Panoramas \u00e0 Couper le Souffle !<\/strong>\u00a0<\/h2><p>La balade de Punta Mila au c\u0153ur de la r\u00e9serve naturelle, est une exp\u00e9rience immersive dans un environnement pr\u00e9serv\u00e9. Le sentier commence \u00e0 Punta Mila, o\u00f9 les falaises spectaculaires surplombent la mer, offrant des vues \u00e9poustouflantes sur les eaux turquoise et les \u00eeles voisines.<\/p><p>En s&rsquo;enfon\u00e7ant dans la r\u00e9serve, on d\u00e9couvre une riche biodiversit\u00e9. Les pin\u00e8des se m\u00ealent \u00e0 des zones de maquis, peupl\u00e9es de fleurs sauvages et d&rsquo;oiseaux chantants.<\/p><p>Cette balade, d&rsquo;une dur\u00e9e d&rsquo;environ deux heures, est l&rsquo;occasion parfaite de se reconnecter avec la nature, d&rsquo;explorer des paysages \u00e0 couper le souffle et de profiter de la tranquillit\u00e9 offerte par ce sanctuaire \u00e9cologique. C&rsquo;est une aventure qui laisse des souvenirs inoubliables et une envie de revenir.<\/p><h3 data-start=\"1230\" data-end=\"1274\"><strong data-start=\"1237\" data-end=\"1272\">Pourquoi choisir cette balade ?<\/strong><\/h3><p data-start=\"1276\" data-end=\"1492\"><strong data-start=\"1279\" data-end=\"1312\">Une escapade en pleine nature<\/strong><br data-start=\"1312\" data-end=\"1315\" \/><strong data-start=\"1318\" data-end=\"1366\">Un m\u00e9lange parfait entre culture et aventure<\/strong><br data-start=\"1366\" data-end=\"1369\" \/><strong data-start=\"1372\" data-end=\"1431\">Des panoramas incroyables pour des souvenirs m\u00e9morables<\/strong><br data-start=\"1431\" data-end=\"1434\" \/><strong data-start=\"1437\" data-end=\"1490\">Une activit\u00e9 accessible \u00e0 tous, fun et conviviale<\/strong><\/p><p data-start=\"1494\" data-end=\"1609\">\ud83d\udccd <strong data-start=\"1497\" data-end=\"1508\">Dur\u00e9e :<\/strong> 1h30<br data-start=\"1521\" data-end=\"1524\" \/>\ud83d\udccf <strong data-start=\"1527\" data-end=\"1541\">Distance :<\/strong>\u00a012 km<br data-start=\"1554\" data-end=\"1557\" \/>\ud83c\udf92 <strong data-start=\"1560\" data-end=\"1572\">Niveau :<\/strong> Ouvert \u00e0 tous<\/p>\t\t\t\t\t\t\t\t<\/div>\n\t\t\t\t<\/div>\n\t\t\t\t\t<\/div>\n\t\t\t\t<\/div>\n\t\t<div class=\"elementor-element elementor-element-e7f1b36 e-flex e-con-boxed e-con e-parent\" data-id=\"e7f1b36\" data-element_type=\"container\" data-settings=\"{&quot;background_background&quot;:&quot;gradient&quot;}\">\n\t\t\t\t\t<div class=\"e-con-inner\">\n\t\t\t\t<div class=\"elementor-element elementor-element-bb1a8da elementor-widget elementor-widget-heading\" data-id=\"bb1a8da\" data-element_type=\"widget\" data-widget_type=\"heading.default\">\n\t\t\t\t\t<h2 class=\"elementor-heading-title elementor-size-default\">Photos de la balade<\/h2>\t\t\t\t<\/div>\n\t\t\t\t<div class=\"elementor-element elementor-element-910a90b elementor-arrows-position-inside elementor-pagination-position-outside elementor-widget elementor-widget-image-carousel\" data-id=\"910a90b\" data-element_type=\"widget\" data-settings=\"{&quot;slides_to_show&quot;:&quot;3&quot;,&quot;slides_to_scroll&quot;:&quot;3&quot;,&quot;navigation&quot;:&quot;both&quot;,&quot;autoplay&quot;:&quot;yes&quot;,&quot;pause_on_hover&quot;:&quot;yes&quot;,&quot;pause_on_interaction&quot;:&quot;yes&quot;,&quot;autoplay_speed&quot;:5000,&quot;infinite&quot;:&quot;yes&quot;,&quot;speed&quot;:500,&quot;image_spacing_custom&quot;:{&quot;unit&quot;:&quot;px&quot;,&quot;size&quot;:20,&quot;sizes&quot;:[]},&quot;image_spacing_custom_tablet&quot;:{&quot;unit&quot;:&quot;px&quot;,&quot;size&quot;:&quot;&quot;,&quot;sizes&quot;:[]},&quot;image_spacing_custom_mobile&quot;:{&quot;unit&quot;:&quot;px&quot;,&quot;size&quot;:&quot;&quot;,&quot;sizes&quot;:[]}}\" data-widget_type=\"image-carousel.default\">\n\t\t\t\t\t\t\t<div class=\"elementor-image-carousel-wrapper swiper\" role=\"region\" aria-roledescription=\"carousel\" aria-label=\"Carrousel d\u2019images\" dir=\"ltr\">\n\t\t\t<div class=\"elementor-image-carousel swiper-wrapper swiper-image-stretch\" aria-live=\"off\">\n\t\t\t\t\t\t\t\t<div class=\"swiper-slide\" role=\"group\" aria-roledescription=\"slide\" aria-label=\"1 sur 3\"><figure class=\"swiper-slide-inner\"><img decoding=\"async\" class=\"swiper-slide-image\" src=\"https:\/\/globe-trott.com\/wp-content\/uploads\/elementor\/thumbs\/photo-trotinette-r3e4x6he8fawtsq9mxt92wketvssxn0bjvclja0z9k.jpg\" alt=\"photo trotinette\" \/><\/figure><\/div><div class=\"swiper-slide\" role=\"group\" aria-roledescription=\"slide\" aria-label=\"2 sur 3\"><figure class=\"swiper-slide-inner\"><img decoding=\"async\" class=\"swiper-slide-image\" src=\"https:\/\/globe-trott.com\/wp-content\/uploads\/elementor\/thumbs\/photo-balade-e1744392044495-r4hb1tr8ts9z568xr8j45mfb1vbhkx4x1jixa4s2o8.jpg\" alt=\"photo balade\" \/><\/figure><\/div><div class=\"swiper-slide\" role=\"group\" aria-roledescription=\"slide\" aria-label=\"3 sur 3\"><figure class=\"swiper-slide-inner\"><img decoding=\"async\" class=\"swiper-slide-image\" src=\"https:\/\/globe-trott.com\/wp-content\/uploads\/elementor\/thumbs\/photo-groupe-1-r4hb36mup64vww9xttnpra39xwmkp6iyk9g68irloo.jpg\" alt=\"photo-groupe-1\" \/><\/figure><\/div>\t\t\t<\/div>\n\t\t\t\t\t\t\t\t\t\t\t\t<div class=\"elementor-swiper-button elementor-swiper-button-prev\" role=\"button\" tabindex=\"0\">\n\t\t\t\t\t\t<svg aria-hidden=\"true\" class=\"e-font-icon-svg e-eicon-chevron-left\" viewBox=\"0 0 1000 1000\" xmlns=\"http:\/\/www.w3.org\/2000\/svg\"><path d=\"M646 125C629 125 613 133 604 142L308 442C296 454 292 471 292 487 292 504 296 521 308 533L604 854C617 867 629 875 646 875 663 875 679 871 692 858 704 846 713 829 713 812 713 796 708 779 692 767L438 487 692 225C700 217 708 204 708 187 708 171 704 154 692 142 675 129 663 125 646 125Z\"><\/path><\/svg>\t\t\t\t\t<\/div>\n\t\t\t\t\t<div class=\"elementor-swiper-button elementor-swiper-button-next\" role=\"button\" tabindex=\"0\">\n\t\t\t\t\t\t<svg aria-hidden=\"true\" class=\"e-font-icon-svg e-eicon-chevron-right\" viewBox=\"0 0 1000 1000\" xmlns=\"http:\/\/www.w3.org\/2000\/svg\"><path d=\"M696 533C708 521 713 504 713 487 713 471 708 454 696 446L400 146C388 133 375 125 354 125 338 125 325 129 313 142 300 154 292 171 292 187 292 204 296 221 308 233L563 492 304 771C292 783 288 800 288 817 288 833 296 850 308 863 321 871 338 875 354 875 371 875 388 867 400 854L696 533Z\"><\/path><\/svg>\t\t\t\t\t<\/div>\n\t\t\t\t\n\t\t\t\t\t\t\t\t\t<div class=\"swiper-pagination\"><\/div>\n\t\t\t\t\t\t\t\t\t<\/div>\n\t\t\t\t\t\t<\/div>\n\t\t\t\t\t<\/div>\n\t\t\t\t<\/div>\n\t\t\t\t<\/div>\n\t\t","protected":false},"excerpt":{"rendered":"<p>Je r\u00e9serve ma session Balade Punta Mila \u2013 Entre Nature et Panoramas \u00e0 Couper le Souffle !\u00a0 La balade de Punta Mila au c\u0153ur de la r\u00e9serve naturelle, est une exp\u00e9rience immersive dans un environnement pr\u00e9serv\u00e9. Le sentier commence \u00e0 Punta Mila, o\u00f9 les falaises spectaculaires surplombent la mer, offrant des vues \u00e9poustouflantes sur les [&hellip;]<\/p>\n","protected":false},"author":1,"featured_media":0,"parent":67,"menu_order":0,"comment_status":"closed","ping_status":"closed","template":"elementor_header_footer","meta":{"_joinchat":[],"footnotes":""},"class_list":["post-251","page","type-page","status-publish","hentry"],"aioseo_notices":[],"_links":{"self":[{"href":"https:\/\/globe-trott.com\/fr\/wp-json\/wp\/v2\/pages\/251","targetHints":{"allow":["GET"]}}],"collection":[{"href":"https:\/\/globe-trott.com\/fr\/wp-json\/wp\/v2\/pages"}],"about":[{"href":"https:\/\/globe-trott.com\/fr\/wp-json\/wp\/v2\/types\/page"}],"author":[{"embeddable":true,"href":"https:\/\/globe-trott.com\/fr\/wp-json\/wp\/v2\/users\/1"}],"replies":[{"embeddable":true,"href":"https:\/\/globe-trott.com\/fr\/wp-json\/wp\/v2\/comments?post=251"}],"version-history":[{"count":52,"href":"https:\/\/globe-trott.com\/fr\/wp-json\/wp\/v2\/pages\/251\/revisions"}],"predecessor-version":[{"id":1255,"href":"https:\/\/globe-trott.com\/fr\/wp-json\/wp\/v2\/pages\/251\/revisions\/1255"}],"up":[{"embeddable":true,"href":"https:\/\/globe-trott.com\/fr\/wp-json\/wp\/v2\/pages\/67"}],"wp:attachment":[{"href":"https:\/\/globe-trott.com\/fr\/wp-json\/wp\/v2\/media?parent=251"}],"curies":[{"name":"wp","href":"https:\/\/api.w.org\/{rel}","templated":true}]}}