{"id":779,"date":"2025-02-18T18:39:55","date_gmt":"2025-02-18T17:39:55","guid":{"rendered":"https:\/\/globe-trott.com\/recepcion\/"},"modified":"2025-06-09T09:12:18","modified_gmt":"2025-06-09T07:12:18","slug":"recepcion","status":"publish","type":"page","link":"https:\/\/globe-trott.com\/es\/","title":{"rendered":"Recepci\u00f3n"},"content":{"rendered":"\t\t<div data-elementor-type=\"wp-page\" data-elementor-id=\"779\" class=\"elementor elementor-779 elementor-18\" data-elementor-post-type=\"page\">\n\t\t\t\t<div class=\"elementor-element elementor-element-2a369df e-flex e-con-boxed e-con e-parent\" data-id=\"2a369df\" data-element_type=\"container\" data-settings=\"{&quot;background_background&quot;:&quot;video&quot;,&quot;background_video_link&quot;:&quot;https:\\\/\\\/www.youtube.com\\\/watch?v=FVu0cbduorY&quot;,&quot;background_play_on_mobile&quot;:&quot;yes&quot;}\">\n\t\t\t\t\t<div class=\"e-con-inner\">\n\t\t<div class=\"elementor-background-video-container\">\n\t\t\t\t\t\t\t<div class=\"elementor-background-video-embed\"><\/div>\n\t\t\t\t\t\t<\/div>\t\t\t<\/div>\n\t\t\t\t<\/div>\n\t\t<div class=\"elementor-element elementor-element-27fcf0c e-con-full e-flex e-con e-parent\" data-id=\"27fcf0c\" data-element_type=\"container\" data-settings=\"{&quot;background_background&quot;:&quot;classic&quot;}\">\n\t\t<div class=\"elementor-element elementor-element-8f25dd9 e-con-full e-flex e-con e-child\" data-id=\"8f25dd9\" data-element_type=\"container\">\n\t\t\t\t<div class=\"elementor-element elementor-element-0443a88 elementor-widget elementor-widget-image\" data-id=\"0443a88\" data-element_type=\"widget\" data-widget_type=\"image.default\">\n\t\t\t\t\t\t\t\t\t\t\t\t\t\t\t<img fetchpriority=\"high\" decoding=\"async\" width=\"800\" height=\"600\" src=\"https:\/\/globe-trott.com\/wp-content\/uploads\/2025\/03\/photo-globe-trott-1024x768.jpg\" class=\"attachment-large size-large wp-image-404\" alt=\"\" srcset=\"https:\/\/globe-trott.com\/wp-content\/uploads\/2025\/03\/photo-globe-trott-1024x768.jpg 1024w, https:\/\/globe-trott.com\/wp-content\/uploads\/2025\/03\/photo-globe-trott-300x225.jpg 300w, https:\/\/globe-trott.com\/wp-content\/uploads\/2025\/03\/photo-globe-trott-768x576.jpg 768w, https:\/\/globe-trott.com\/wp-content\/uploads\/2025\/03\/photo-globe-trott-1536x1152.jpg 1536w, https:\/\/globe-trott.com\/wp-content\/uploads\/2025\/03\/photo-globe-trott.jpg 1600w\" sizes=\"(max-width: 800px) 100vw, 800px\" \/>\t\t\t\t\t\t\t\t\t\t\t\t\t\t\t<\/div>\n\t\t\t\t<\/div>\n\t\t<div class=\"elementor-element elementor-element-4d03ffc e-con-full e-flex e-con e-child\" data-id=\"4d03ffc\" data-element_type=\"container\">\n\t\t\t\t<div class=\"elementor-element elementor-element-74cd0e9 elementor-widget elementor-widget-heading\" data-id=\"74cd0e9\" data-element_type=\"widget\" data-widget_type=\"heading.default\">\n\t\t\t\t\t<h2 class=\"elementor-heading-title elementor-size-default\">\u00a1Descubre la naturaleza f\u00e1cilmente!<\/br>\nGlobe Trott: \u00a1La aventura es ahora!<\/h2>\t\t\t\t<\/div>\n\t\t\t\t<div class=\"elementor-element elementor-element-d540c8a elementor-widget elementor-widget-text-editor\" data-id=\"d540c8a\" data-element_type=\"widget\" data-widget_type=\"text-editor.default\">\n\t\t\t\t\t\t\t\t\t<p>\u00bfQuieres alejarte de todo? <br>Globe Trott te abre las puertas a un mundo donde la naturaleza, la diversi\u00f3n y las sensaciones \u00fanicas se encuentran.<br>Con nuestros patinetes el\u00e9ctricos todoterreno, explora el norte de Catalu\u00f1a y la Costa Brava de una forma \u00fanica y ecol\u00f3gica. <br>\u00a1Prep\u00e1rate para una experiencia \u00fanica!<\/p>\t\t\t\t\t\t\t\t<\/div>\n\t\t\t\t<\/div>\n\t\t\t\t<\/div>\n\t\t<div class=\"elementor-element elementor-element-2af974f e-flex e-con-boxed e-con e-parent\" data-id=\"2af974f\" data-element_type=\"container\">\n\t\t\t\t\t<div class=\"e-con-inner\">\n\t\t<div class=\"elementor-element elementor-element-d02f99e e-con-full e-flex e-con e-child\" data-id=\"d02f99e\" data-element_type=\"container\">\n\t\t\t\t<div class=\"elementor-element elementor-element-c4bd1e5 elementor-widget elementor-widget-heading\" data-id=\"c4bd1e5\" data-element_type=\"widget\" data-widget_type=\"heading.default\">\n\t\t\t\t\t<h2 class=\"elementor-heading-title elementor-size-default\">Cala Montg\u00f3: Tu punto de partida.<\/h2>\t\t\t\t<\/div>\n\t\t\t\t<div class=\"elementor-element elementor-element-573fffe elementor-widget elementor-widget-text-editor\" data-id=\"573fffe\" data-element_type=\"widget\" data-widget_type=\"text-editor.default\">\n\t\t\t\t\t\t\t\t\t<p>Descubre un entorno natural preservado, ideal para tus escapadas en patinete el\u00e9ctrico.<br>Explora joyas ocultas con un gu\u00eda, desde lugares emblem\u00e1ticos hasta paisajes salvajes. El Parque Natural de Torroella de Montgr\u00ed, rodeado por el mar y varios municipios entre ellos: l \u201cEscala, Torroella de Montgr\u00ed y l\u201d Estartit.   <\/p>\t\t\t\t\t\t\t\t<\/div>\n\t\t\t\t<div class=\"elementor-element elementor-element-979efb0 elementor-widget elementor-widget-heading\" data-id=\"979efb0\" data-element_type=\"widget\" data-widget_type=\"heading.default\">\n\t\t\t\t\t<h2 class=\"elementor-heading-title elementor-size-default\">\u00a1Todos responsables, juntos protejamos el bosque!<\/h2>\t\t\t\t<\/div>\n\t\t\t\t<div class=\"elementor-element elementor-element-57ee20f elementor-widget elementor-widget-text-editor\" data-id=\"57ee20f\" data-element_type=\"widget\" data-widget_type=\"text-editor.default\">\n\t\t\t\t\t\t\t\t\t<p data-start=\"449\" data-end=\"648\">Respeto por la naturaleza: Abogamos por un enfoque eco-responsable, garantizando la limpieza y la prevenci\u00f3n de incendios.  <\/p>\t\t\t\t\t\t\t\t<\/div>\n\t\t\t\t<div class=\"elementor-element elementor-element-052ec74 elementor-align-center elementor-widget elementor-widget-button\" data-id=\"052ec74\" data-element_type=\"widget\" data-widget_type=\"button.default\">\n\t\t\t\t\t\t\t\t\t\t<a class=\"elementor-button elementor-button-link elementor-size-sm\" href=\"https:\/\/parcsnaturals.gencat.cat\/ca\/xarxa-de-parcs\/illes-medes\/inici\/\" target=\"_blank\">\n\t\t\t\t\t\t<span class=\"elementor-button-content-wrapper\">\n\t\t\t\t\t\t\t\t\t<span class=\"elementor-button-text\">Ver la web del parque natural<\/span>\n\t\t\t\t\t<\/span>\n\t\t\t\t\t<\/a>\n\t\t\t\t\t\t\t\t<\/div>\n\t\t\t\t<\/div>\n\t\t<div class=\"elementor-element elementor-element-fd4c420 e-con-full e-flex e-con e-child\" data-id=\"fd4c420\" data-element_type=\"container\">\n\t\t\t\t<div class=\"elementor-element elementor-element-2ec25c2 elementor-widget elementor-widget-image\" data-id=\"2ec25c2\" data-element_type=\"widget\" data-widget_type=\"image.default\">\n\t\t\t\t\t\t\t\t\t\t\t\t\t\t\t<img decoding=\"async\" width=\"768\" height=\"1024\" src=\"https:\/\/globe-trott.com\/wp-content\/uploads\/2025\/04\/photo-cala-mongo-768x1024.jpg\" class=\"attachment-large size-large wp-image-732\" alt=\"\" srcset=\"https:\/\/globe-trott.com\/wp-content\/uploads\/2025\/04\/photo-cala-mongo-768x1024.jpg 768w, https:\/\/globe-trott.com\/wp-content\/uploads\/2025\/04\/photo-cala-mongo-225x300.jpg 225w, https:\/\/globe-trott.com\/wp-content\/uploads\/2025\/04\/photo-cala-mongo-1152x1536.jpg 1152w, https:\/\/globe-trott.com\/wp-content\/uploads\/2025\/04\/photo-cala-mongo.jpg 1536w\" sizes=\"(max-width: 768px) 100vw, 768px\" \/>\t\t\t\t\t\t\t\t\t\t\t\t\t\t\t<\/div>\n\t\t\t\t<\/div>\n\t\t\t\t\t<\/div>\n\t\t\t\t<\/div>\n\t\t<div class=\"elementor-element elementor-element-e72bc46 e-con-full e-flex e-con e-parent\" data-id=\"e72bc46\" data-element_type=\"container\">\n\t\t<div class=\"elementor-element elementor-element-09a74a8 e-con-full e-flex e-con e-child\" data-id=\"09a74a8\" data-element_type=\"container\" data-settings=\"{&quot;background_background&quot;:&quot;classic&quot;}\">\n\t\t\t\t<div class=\"elementor-element elementor-element-68632bc elementor-widget elementor-widget-image\" data-id=\"68632bc\" data-element_type=\"widget\" data-widget_type=\"image.default\">\n\t\t\t\t\t\t\t\t\t\t\t\t\t\t\t<img decoding=\"async\" width=\"400\" height=\"400\" src=\"https:\/\/globe-trott.com\/wp-content\/uploads\/2025\/04\/Logo-eco.png\" class=\"attachment-large size-large wp-image-646\" alt=\"\" srcset=\"https:\/\/globe-trott.com\/wp-content\/uploads\/2025\/04\/Logo-eco.png 400w, https:\/\/globe-trott.com\/wp-content\/uploads\/2025\/04\/Logo-eco-300x300.png 300w, https:\/\/globe-trott.com\/wp-content\/uploads\/2025\/04\/Logo-eco-150x150.png 150w\" sizes=\"(max-width: 400px) 100vw, 400px\" \/>\t\t\t\t\t\t\t\t\t\t\t\t\t\t\t<\/div>\n\t\t\t\t<\/div>\n\t\t<div class=\"elementor-element elementor-element-b7df10b e-con-full e-flex e-con e-child\" data-id=\"b7df10b\" data-element_type=\"container\">\n\t\t\t\t<div class=\"elementor-element elementor-element-81e39db elementor-widget elementor-widget-heading\" data-id=\"81e39db\" data-element_type=\"widget\" data-widget_type=\"heading.default\">\n\t\t\t\t\t<h2 class=\"elementor-heading-title elementor-size-default\">Nuestros valores: respeto, descubrimiento, compromiso<\/h2>\t\t\t\t<\/div>\n\t\t\t\t<div class=\"elementor-element elementor-element-585e285 elementor-widget elementor-widget-text-editor\" data-id=\"585e285\" data-element_type=\"widget\" data-widget_type=\"text-editor.default\">\n\t\t\t\t\t\t\t\t\t<p data-start=\"494\" data-end=\"881\">&#8211; *Respeto por la Naturaleza*: Abogamos por un enfoque eco-responsable, asegurando la limpieza y la prevenci\u00f3n de incendios.<br>&#8211; *Descubrimiento*: Explora el Parque Natural de Torroella de Montgr\u00ed con gu\u00edas apasionados.<br>&#8211; *Compromiso Ecol\u00f3gico*: Cada caminata es una oportunidad para promover un estilo de vida amigable con el medio ambiente.<br>&#8211; *Seguridad de la Fauna y Flora*: Nos preocupamos por preservar los h\u00e1bitats naturales y proteger las especies locales.<\/p>\t\t\t\t\t\t\t\t<\/div>\n\t\t\t\t<\/div>\n\t\t\t\t<\/div>\n\t\t<div class=\"elementor-element elementor-element-eae3bb1 e-flex e-con-boxed e-con e-parent\" data-id=\"eae3bb1\" data-element_type=\"container\" data-settings=\"{&quot;background_background&quot;:&quot;classic&quot;}\">\n\t\t\t\t\t<div class=\"e-con-inner\">\n\t\t\t\t<div class=\"elementor-element elementor-element-774b389 elementor-widget elementor-widget-heading\" data-id=\"774b389\" data-element_type=\"widget\" data-widget_type=\"heading.default\">\n\t\t\t\t\t<h2 class=\"elementor-heading-title elementor-size-default\">Exploraci\u00f3n guiada en un entorno natural<\/h2>\t\t\t\t<\/div>\n\t\t\t\t<div class=\"elementor-element elementor-element-14fec1e elementor-pagination-type-bullets elementor-arrows-position-inside elementor-pagination-position-outside elementor-widget elementor-widget-n-carousel\" data-id=\"14fec1e\" data-element_type=\"widget\" data-settings=\"{&quot;carousel_items&quot;:[{&quot;slide_title&quot;:&quot;Diapositive N\\u00b01&quot;,&quot;_id&quot;:&quot;504b099&quot;}],&quot;slides_to_show&quot;:&quot;2&quot;,&quot;slides_to_scroll&quot;:&quot;1&quot;,&quot;image_spacing_custom&quot;:{&quot;unit&quot;:&quot;px&quot;,&quot;size&quot;:0,&quot;sizes&quot;:[]},&quot;slides_to_show_tablet&quot;:&quot;2&quot;,&quot;slides_to_show_mobile&quot;:&quot;1&quot;,&quot;autoplay&quot;:&quot;yes&quot;,&quot;autoplay_speed&quot;:5000,&quot;pause_on_hover&quot;:&quot;yes&quot;,&quot;pause_on_interaction&quot;:&quot;yes&quot;,&quot;infinite&quot;:&quot;yes&quot;,&quot;speed&quot;:500,&quot;offset_sides&quot;:&quot;none&quot;,&quot;arrows&quot;:&quot;yes&quot;,&quot;pagination&quot;:&quot;bullets&quot;,&quot;image_spacing_custom_tablet&quot;:{&quot;unit&quot;:&quot;px&quot;,&quot;size&quot;:&quot;&quot;,&quot;sizes&quot;:[]},&quot;image_spacing_custom_mobile&quot;:{&quot;unit&quot;:&quot;px&quot;,&quot;size&quot;:&quot;&quot;,&quot;sizes&quot;:[]}}\" data-widget_type=\"nested-carousel.default\">\n\t\t\t\t\t\t\t<div class=\"e-n-carousel swiper\" role=\"region\" aria-roledescription=\"carousel\" aria-label=\"Carousel\" dir=\"ltr\">\n\t\t\t<div class=\"swiper-wrapper\" aria-live=\"off\">\n\t\t\t\t\t\t\t\t\t\t<div class=\"swiper-slide\" data-slide=\"1\" role=\"group\" aria-roledescription=\"slide\" aria-label=\"1 of 1\">\n\t\t\t\t\t\t\t<div class=\"elementor-element elementor-element-b18ab57 e-flex e-con-boxed e-con e-child\" data-id=\"b18ab57\" data-element_type=\"container\" data-settings=\"{&quot;background_background&quot;:&quot;classic&quot;}\">\n\t\t\t\t\t<div class=\"e-con-inner\">\n\t\t\t\t<div class=\"elementor-element elementor-element-3e170cf elementor-widget elementor-widget-heading\" data-id=\"3e170cf\" data-element_type=\"widget\" data-widget_type=\"heading.default\">\n\t\t\t\t\t<h2 class=\"elementor-heading-title elementor-size-default\">Paseo de Punta Mil\u00e1<\/h2>\t\t\t\t<\/div>\n\t\t\t\t<div class=\"elementor-element elementor-element-5bceb5c elementor-widget elementor-widget-text-editor\" data-id=\"5bceb5c\" data-element_type=\"widget\" data-widget_type=\"text-editor.default\">\n\t\t\t\t\t\t\t\t\t<p>Duraci\u00f3n: 1h30<br>Accesible para todos<\/p>\t\t\t\t\t\t\t\t<\/div>\n\t\t\t\t<div class=\"elementor-element elementor-element-ea41726 elementor-align-right elementor-widget elementor-widget-button\" data-id=\"ea41726\" data-element_type=\"widget\" data-widget_type=\"button.default\">\n\t\t\t\t\t\t\t\t\t\t<a class=\"elementor-button elementor-button-link elementor-size-sm\" href=\"https:\/\/globe-trott.com\/les-sorties\/balade-santa-maria-del-palau-et-mirador\/\">\n\t\t\t\t\t\t<span class=\"elementor-button-content-wrapper\">\n\t\t\t\t\t\t\t\t\t<span class=\"elementor-button-text\">Descubre la salida<\/span>\n\t\t\t\t\t<\/span>\n\t\t\t\t\t<\/a>\n\t\t\t\t\t\t\t\t<\/div>\n\t\t\t\t\t<\/div>\n\t\t\t\t<\/div>\n\t\t\t\t\t\t\t\t<\/div>\n\t\t\t\t\t\t\t\t<\/div>\n\t\t<\/div>\n\t\t\t\t\t\t<\/div>\n\t\t\t\t\t<\/div>\n\t\t\t\t<\/div>\n\t\t<div class=\"elementor-element elementor-element-861d365 e-flex e-con-boxed e-con e-parent\" data-id=\"861d365\" data-element_type=\"container\">\n\t\t\t\t\t<div class=\"e-con-inner\">\n\t\t\t\t<div class=\"elementor-element elementor-element-0a38903 elementor-widget elementor-widget-heading\" data-id=\"0a38903\" data-element_type=\"widget\" data-widget_type=\"heading.default\">\n\t\t\t\t\t<h2 class=\"elementor-heading-title elementor-size-default\">Sus comentarios<\/h2>\t\t\t\t<\/div>\n\t\t\t\t\t<\/div>\n\t\t\t\t<\/div>\n\t\t<div class=\"elementor-element elementor-element-7a67931 e-flex e-con-boxed e-con e-parent\" data-id=\"7a67931\" data-element_type=\"container\">\n\t\t\t\t\t<div class=\"e-con-inner\">\n\t\t\t\t<div class=\"elementor-element elementor-element-fac685c elementor-widget elementor-widget-shortcode\" data-id=\"fac685c\" data-element_type=\"widget\" data-widget_type=\"shortcode.default\">\n\t\t\t\t\t\t\t<div class=\"elementor-shortcode\"><script defer async src='https:\/\/cdn.trustindex.io\/loader.js?a5df21e44808904af78606643dd'><\/script><\/div>\n\t\t\t\t\t\t<\/div>\n\t\t\t\t\t<\/div>\n\t\t\t\t<\/div>\n\t\t\t\t<\/div>\n\t\t","protected":false},"excerpt":{"rendered":"<p>\u00a1Descubre la naturaleza f\u00e1cilmente! Globe Trott: \u00a1La aventura es ahora! \u00bfQuieres alejarte de todo? Globe Trott te abre las puertas a un mundo donde la naturaleza, la diversi\u00f3n y las sensaciones \u00fanicas se encuentran.Con nuestros patinetes el\u00e9ctricos todoterreno, explora el norte de Catalu\u00f1a y la Costa Brava de una forma \u00fanica y ecol\u00f3gica. \u00a1Prep\u00e1rate para [&hellip;]<\/p>\n","protected":false},"author":1,"featured_media":0,"parent":0,"menu_order":0,"comment_status":"closed","ping_status":"closed","template":"","meta":{"_joinchat":[],"footnotes":""},"class_list":["post-779","page","type-page","status-publish","hentry"],"aioseo_notices":[],"_links":{"self":[{"href":"https:\/\/globe-trott.com\/es\/wp-json\/wp\/v2\/pages\/779","targetHints":{"allow":["GET"]}}],"collection":[{"href":"https:\/\/globe-trott.com\/es\/wp-json\/wp\/v2\/pages"}],"about":[{"href":"https:\/\/globe-trott.com\/es\/wp-json\/wp\/v2\/types\/page"}],"author":[{"embeddable":true,"href":"https:\/\/globe-trott.com\/es\/wp-json\/wp\/v2\/users\/1"}],"replies":[{"embeddable":true,"href":"https:\/\/globe-trott.com\/es\/wp-json\/wp\/v2\/comments?post=779"}],"version-history":[{"count":6,"href":"https:\/\/globe-trott.com\/es\/wp-json\/wp\/v2\/pages\/779\/revisions"}],"predecessor-version":[{"id":1168,"href":"https:\/\/globe-trott.com\/es\/wp-json\/wp\/v2\/pages\/779\/revisions\/1168"}],"wp:attachment":[{"href":"https:\/\/globe-trott.com\/es\/wp-json\/wp\/v2\/media?parent=779"}],"curies":[{"name":"wp","href":"https:\/\/api.w.org\/{rel}","templated":true}]}}