{"id":1117,"date":"2025-05-30T13:14:47","date_gmt":"2025-05-30T11:14:47","guid":{"rendered":"https:\/\/globe-trott.com\/letra-chica\/"},"modified":"2025-06-04T14:02:37","modified_gmt":"2025-06-04T12:02:37","slug":"letra-chica","status":"publish","type":"page","link":"https:\/\/globe-trott.com\/es\/letra-chica\/","title":{"rendered":"LETRA CHICA"},"content":{"rendered":"\t\t<div data-elementor-type=\"wp-page\" data-elementor-id=\"1117\" class=\"elementor elementor-1117 elementor-1079\" data-elementor-post-type=\"page\">\n\t\t\t\t<div class=\"elementor-element elementor-element-dead7ef e-flex e-con-boxed e-con e-parent\" data-id=\"dead7ef\" data-element_type=\"container\">\n\t\t\t\t\t<div class=\"e-con-inner\">\n\t\t\t\t<div class=\"elementor-element elementor-element-740cae9 elementor-widget elementor-widget-heading\" data-id=\"740cae9\" data-element_type=\"widget\" data-widget_type=\"heading.default\">\n\t\t\t\t\t<h2 class=\"elementor-heading-title elementor-size-default\">LETRA CHICA<\/h2>\t\t\t\t<\/div>\n\t\t\t\t<div class=\"elementor-element elementor-element-1979e27 elementor-widget elementor-widget-text-editor\" data-id=\"1979e27\" data-element_type=\"widget\" data-widget_type=\"text-editor.default\">\n\t\t\t\t\t\t\t\t\t<p><strong>T\u00e9rminos y Condiciones Generales de Uso (T&amp;C)<\/strong><\/p><ol><li><strong>  Presentaci\u00f3n del sitio<\/strong><\/li><\/ol><p>El sitio web de <strong>Globe Trott<\/strong> (<a href=\"https:\/\/globe-trott.com\/\">https:\/\/globe-trott.com\/<\/a>) es un sitio de exhibici\u00f3n que ofrece servicios de alquiler de scooters el\u00e9ctricos, con la posibilidad de realizar una <strong>solicitud de reserva en l\u00ednea<\/strong>. Este sitio web es una edici\u00f3n de Globe trott S L, con domicilio social en 15 carrer termes 17257 toreilla de Montgr\u00ed Espa\u00f1a, y puede ser contactado en la direcci\u00f3n de correo electr\u00f3nico contact@globe-trott.com. <\/p><ol start=\"2\"><li><strong>  Aceptaci\u00f3n de los t\u00e9rminos<\/strong><\/li><\/ol><p>El acceso al sitio web y el uso de sus servicios implican la aceptaci\u00f3n plena y completa de las presentes Condiciones Generales de Uso.<\/p><ol start=\"3\"><li><strong>  Servicios ofrecidos<\/strong><\/li><\/ol><p>El sitio permite a los usuarios:<\/p><ul><li>Consultar ofertas para excursiones en scooter.<\/li><li>Realizar una solicitud de reserva a trav\u00e9s de un formulario<\/li><li>P\u00f3ngase en contacto con el equipo de Globe Trott para obtener m\u00e1s informaci\u00f3n<\/li><\/ul><ol start=\"4\"><li><strong>  Reserva<\/strong><\/li><\/ol><p>La reserva se realiza a trav\u00e9s de un formulario online donde el usuario deber\u00e1 rellenar determinados <strong>datos personales<\/strong> (nombre, apellidos, correo electr\u00f3nico, tel\u00e9fono). Estos datos son necesarios para la tramitaci\u00f3n de la solicitud. <\/p><p>El env\u00edo del formulario <strong>no constituye una confirmaci\u00f3n autom\u00e1tica de la reserva<\/strong> . Globe Trott se reserva el derecho de aceptar o rechazar una solicitud, sujeto a disponibilidad. <\/p><p>El procesamiento de pagos es manejado por <strong>Stripe<\/strong>, una soluci\u00f3n de pago segura. Globe Trott no almacena los datos bancarios del usuario en ning\u00fan momento. El procesamiento se lleva a cabo directamente en los servidores seguros de Stripe, de acuerdo con su pol\u00edtica de privacidad.  <\/p><ol start=\"5\"><li><strong>  Propiedad intelectual<\/strong><\/li><\/ol><p>Todos los elementos del sitio (textos, im\u00e1genes, logotipos, v\u00eddeos, etc.) est\u00e1n protegidos por derechos de propiedad intelectual. Queda prohibida cualquier reproducci\u00f3n, representaci\u00f3n o distribuci\u00f3n sin permiso por escrito. <\/p><ol start=\"6\"><li><strong>  Responsabilidades<\/strong><\/li><\/ol><p>Globe Trott hace todo lo posible para garantizar la exactitud de la informaci\u00f3n publicada. Sin embargo, el sitio no se hace responsable en caso de error, omisi\u00f3n o indisponibilidad del servicio. <\/p><ol start=\"7\"><li><strong>  Datos personales<\/strong><\/li><\/ol><p>Se informa al usuario de que durante la reserva se recogen determinados datos. Consulte la Pol\u00edtica de privacidad para obtener m\u00e1s informaci\u00f3n. <\/p><ol start=\"8\"><li><strong>  Cambios<\/strong><\/li><\/ol><p>Globe Trott se reserva el derecho de modificar estos T&amp;C en cualquier momento. Se invita a los usuarios a consultarlos regularmente. <\/p><ol start=\"9\"><li><strong>  Legislaci\u00f3n aplicable<\/strong><\/li><\/ol><p>Estos T&amp;C est\u00e1n sujetos a la legislaci\u00f3n espa\u00f1ola. En caso de litigio, los tribunales competentes ser\u00e1n los que se encuentren dentro de la jurisdicci\u00f3n del domicilio social del editor. <br><br><\/p>\t\t\t\t\t\t\t\t<\/div>\n\t\t\t\t\t<\/div>\n\t\t\t\t<\/div>\n\t\t\t\t<\/div>\n\t\t","protected":false},"excerpt":{"rendered":"<p>LETRA CHICA T\u00e9rminos y Condiciones Generales de Uso (T&amp;C) Presentaci\u00f3n del sitio El sitio web de Globe Trott (https:\/\/globe-trott.com\/) es un sitio de exhibici\u00f3n que ofrece servicios de alquiler de scooters el\u00e9ctricos, con la posibilidad de realizar una solicitud de reserva en l\u00ednea. Este sitio web es una edici\u00f3n de Globe trott S L, con [&hellip;]<\/p>\n","protected":false},"author":1,"featured_media":0,"parent":0,"menu_order":0,"comment_status":"closed","ping_status":"closed","template":"elementor_header_footer","meta":{"_joinchat":[],"footnotes":""},"class_list":["post-1117","page","type-page","status-publish","hentry"],"aioseo_notices":[],"_links":{"self":[{"href":"https:\/\/globe-trott.com\/es\/wp-json\/wp\/v2\/pages\/1117","targetHints":{"allow":["GET"]}}],"collection":[{"href":"https:\/\/globe-trott.com\/es\/wp-json\/wp\/v2\/pages"}],"about":[{"href":"https:\/\/globe-trott.com\/es\/wp-json\/wp\/v2\/types\/page"}],"author":[{"embeddable":true,"href":"https:\/\/globe-trott.com\/es\/wp-json\/wp\/v2\/users\/1"}],"replies":[{"embeddable":true,"href":"https:\/\/globe-trott.com\/es\/wp-json\/wp\/v2\/comments?post=1117"}],"version-history":[{"count":1,"href":"https:\/\/globe-trott.com\/es\/wp-json\/wp\/v2\/pages\/1117\/revisions"}],"predecessor-version":[{"id":1119,"href":"https:\/\/globe-trott.com\/es\/wp-json\/wp\/v2\/pages\/1117\/revisions\/1119"}],"wp:attachment":[{"href":"https:\/\/globe-trott.com\/es\/wp-json\/wp\/v2\/media?parent=1117"}],"curies":[{"name":"wp","href":"https:\/\/api.w.org\/{rel}","templated":true}]}}