{"id":926,"date":"2025-03-11T15:44:11","date_gmt":"2025-03-11T14:44:11","guid":{"rendered":"https:\/\/globe-trott.com\/wanderung-durch-den-mirador\/"},"modified":"2025-04-17T14:41:35","modified_gmt":"2025-04-17T12:41:35","slug":"wanderung-durch-den-mirador","status":"publish","type":"page","link":"https:\/\/globe-trott.com\/de\/wanderung-durch-den-mirador\/","title":{"rendered":"Wanderung durch den Mirador"},"content":{"rendered":"\t\t<div data-elementor-type=\"wp-page\" data-elementor-id=\"926\" class=\"elementor elementor-926 elementor-283\" data-elementor-post-type=\"page\">\n\t\t\t\t<div class=\"elementor-element elementor-element-a22f2ed e-flex e-con-boxed e-con e-parent\" data-id=\"a22f2ed\" data-element_type=\"container\" data-settings=\"{&quot;background_background&quot;:&quot;classic&quot;}\">\n\t\t\t\t\t<div class=\"e-con-inner\">\n\t\t<div class=\"elementor-element elementor-element-9173dea e-con-full e-flex e-con e-child\" data-id=\"9173dea\" data-element_type=\"container\">\n\t\t\t\t<div class=\"elementor-element elementor-element-fa76ad9 elementor-align-center elementor-invisible elementor-widget elementor-widget-button\" data-id=\"fa76ad9\" data-element_type=\"widget\" data-settings=\"{&quot;_animation&quot;:&quot;fadeIn&quot;}\" data-widget_type=\"button.default\">\n\t\t\t\t\t\t\t\t\t\t<a class=\"elementor-button elementor-button-link elementor-size-sm\" href=\"#reservation\">\n\t\t\t\t\t\t<span class=\"elementor-button-content-wrapper\">\n\t\t\t\t\t\t\t\t\t<span class=\"elementor-button-text\">Meine Sitzung buchen<\/span>\n\t\t\t\t\t<\/span>\n\t\t\t\t\t<\/a>\n\t\t\t\t\t\t\t\t<\/div>\n\t\t\t\t<\/div>\n\t\t<div class=\"elementor-element elementor-element-cf03674 e-con-full e-flex e-con e-child\" data-id=\"cf03674\" data-element_type=\"container\" data-settings=\"{&quot;background_background&quot;:&quot;classic&quot;}\">\n\t\t\t\t<div class=\"elementor-element elementor-element-d69c4dc elementor-widget elementor-widget-text-editor\" data-id=\"d69c4dc\" data-element_type=\"widget\" data-widget_type=\"text-editor.default\">\n\t\t\t\t\t\t\t\t\t<h2 data-start=\"83\" data-end=\"171\">\ud83c\udf04 <strong data-start=\"89\" data-end=\"165\">Mirador Ride \u2013 eine atemberaubende Aussicht auf einem Elektroroller!<\/strong> \u26a1\ud83d\udeb4<\/h2>\n<p data-start=\"173\" data-end=\"446\">Erheben Sie sich in die L\u00fcfte und entdecken Sie <strong data-start=\"209\" data-end=\"251\">Nordkatalonien aus einer neuen Perspektive<\/strong> mit dieser Wanderung, die Sie zum <strong data-start=\"292\" data-end=\"303\">Mirador<\/strong> f\u00fchrt, einem au\u00dfergew\u00f6hnlichen Aussichtspunkt, der ein 360\u00b0-Panorama der Region bietet. Ein idealer Ausflug f\u00fcr Liebhaber der Natur und der Weite! <\/p>\n<h3 data-start=\"448\" data-end=\"498\">\ud83d\udd39 <strong data-start=\"455\" data-end=\"496\">Was Sie bei dieser Wanderung erwartet:<\/strong><\/h3>\n<p data-start=\"500\" data-end=\"1119\">\u2705 <strong data-start=\"502\" data-end=\"523\">Sanfter Start<\/strong> : Kennenlernen der Elektroroller und Einweisung durch unsere erfahrenen Guides.<br data-start=\"609\" data-end=\"612\">\u2705 <strong data-start=\"614\" data-end=\"644\">Eintauchen in die Natur<\/strong> : Eine abwechslungsreiche Route <strong data-start=\"674\" data-end=\"757\">, die Waldwege, Panoramawege und Wege f\u00fcr alle Niveaus kombiniert<\/strong>.<br data-start=\"758\" data-end=\"761\">\u2705 <strong data-start=\"763\" data-end=\"788\">Allm\u00e4hlicher Aufstieg<\/strong> : Eine zug\u00e4ngliche Route, die Sie m\u00fchelos zum Mirador bringt.<br data-start=\"855\" data-end=\"858\">\u2705 <strong data-start=\"860\" data-end=\"879\">Pause auf dem Gipfel<\/strong> : Genie\u00dfen Sie einen <strong data-start=\"895\" data-end=\"922\">unglaublichen Aussichtspunkt<\/strong>, perfekt f\u00fcr einen Moment der Besinnung oder ein paar unvergessliche Aufnahmen! \ud83d\udcf8<br data-start=\"999\" data-end=\"1002\" data-is-only-node=\"\">\u2705 <strong data-start=\"1004\" data-end=\"1034\">Fl\u00fcssige und spa\u00dfige Abfahrt<\/strong> : Sanfter R\u00fcckweg mit einzigartigem Gleitgef\u00fchl auf angepassten Wegen.<\/p>\n<h3 data-start=\"1121\" data-end=\"1165\">\ud83c\udfaf <strong data-start=\"1128\" data-end=\"1163\">Warum diese Wanderung w\u00e4hlen?<\/strong><\/h3>\n<p data-start=\"1167\" data-end=\"1363\">\ud83c\udf3f <strong data-start=\"1170\" data-end=\"1213\">Frische Luft mitten in der Natur<\/strong><br data-start=\"1213\" data-end=\"1216\">\ud83c\udf04 <strong data-start=\"1219\" data-end=\"1257\">Atemberaubende Panoramablicke<\/strong><br data-start=\"1257\" data-end=\"1260\">\u26a1 <strong data-start=\"1262\" data-end=\"1307\">Eine zug\u00e4ngliche und unterhaltsame Route f\u00fcr alle<\/strong><br data-start=\"1307\" data-end=\"1310\">\ud83d\udcf8 <strong data-start=\"1313\" data-end=\"1361\">Der perfekte Ort f\u00fcr unvergessliche Fotos<\/strong><\/p>\n<p data-start=\"1365\" data-end=\"1480\">\ud83d\udccd <strong data-start=\"1368\" data-end=\"1379\">Dauer:<\/strong> 2h00<br data-start=\"1392\" data-end=\"1395\">\ud83d\udccf <strong data-start=\"1398\" data-end=\"1412\">Entfernung:<\/strong> 11km<br data-start=\"1425\" data-end=\"1428\">\ud83c\udf92 <strong data-start=\"1431\" data-end=\"1443\">Schwierigkeitsgrad:<\/strong> Sportlich<\/p>\n<p data-start=\"1482\" data-end=\"1623\">\ud83d\udd25 <strong data-start=\"1485\" data-end=\"1524\">Sind Sie bereit, das Mirador-Erlebnis zu erleben?<\/strong> Buchen Sie jetzt Ihre Tour und bewundern Sie Nordkatalonien wie nie zuvor!<\/p>\t\t\t\t\t\t\t\t<\/div>\n\t\t\t\t<\/div>\n\t\t\t\t\t<\/div>\n\t\t\t\t<\/div>\n\t\t<div class=\"elementor-element elementor-element-2793733 e-flex e-con-boxed e-con e-parent\" data-id=\"2793733\" data-element_type=\"container\">\n\t\t\t\t\t<div class=\"e-con-inner\">\n\t\t\t\t<div class=\"elementor-element elementor-element-6f36c84 elementor-widget elementor-widget-menu-anchor\" data-id=\"6f36c84\" data-element_type=\"widget\" data-widget_type=\"menu-anchor.default\">\n\t\t\t\t\t\t\t<div class=\"elementor-menu-anchor\" id=\"Reservierung\"><\/div>\n\t\t\t\t\t\t<\/div>\n\t\t\t\t<div class=\"elementor-element elementor-element-93f275b elementor-widget elementor-widget-heading\" data-id=\"93f275b\" data-element_type=\"widget\" data-widget_type=\"heading.default\">\n\t\t\t\t\t<h2 class=\"elementor-heading-title elementor-size-default\">Jetzt buchen<\/h2>\t\t\t\t<\/div>\n\t\t\t\t<div class=\"elementor-element elementor-element-3e49598 elementor-widget elementor-widget-shortcode\" data-id=\"3e49598\" data-element_type=\"widget\" data-widget_type=\"shortcode.default\">\n\t\t\t\t\t\t\t<div class=\"elementor-shortcode\"><script type=\"text\/javascript\">\n    (function (win, fn) {\n        var done = false, top = true,\n            doc = win.document,\n            root = doc.documentElement,\n            modern = doc.addEventListener,\n            add = modern ? 'addEventListener' : 'attachEvent',\n            rem = modern ? 'removeEventListener' : 'detachEvent',\n            pre = modern ? '' : 'on',\n            init = function (e) {\n                if (e.type == 'readystatechange') if (doc.readyState != 'complete') return;\n                (e.type == 'load' ? win : doc)[rem](pre + e.type, init, false);\n                if (!done) {\n                    done = true;\n                    fn.call(win, e.type || e);\n                }\n            },\n            poll = function () {\n                try {\n                    root.doScroll('left');\n                } catch (e) {\n                    setTimeout(poll, 50);\n                    return;\n                }\n                init('poll');\n            };\n        if (doc.readyState == 'complete') fn.call(win, 'lazy');\n        else {\n            if (!modern) if (root.doScroll) {\n                try {\n                    top = !win.frameElement;\n                } catch (e) {\n                }\n                if (top) poll();\n            }\n            doc[add](pre + 'DOMContentLoaded', init, false);\n            doc[add](pre + 'readystatechange', init, false);\n            win[add](pre + 'load', init, false);\n        }\n    })(window, function () {\n        window.BooklyServicesForm.showForm(\"bookly-services-form-balade-santa-maria-clone\", \"bookly-services-form-balade-santa-maria-clone-69e7369adb5b4\", {\"main_color\":\"#605a35\",\"service_card_width\":260,\"service_header_height\":120,\"staff_card_width\":260,\"hide_borders\":false,\"show_book_more\":true,\"show_qr_code\":true,\"show_calendar\":true,\"show_services_filter\":false,\"show_staff_filter\":false,\"show_staff_rating\":false,\"show_timezone\":false,\"show_receipt_on_cart\":true,\"show_receipt_on_payment\":true,\"skip_cart_step\":false,\"use_cart_local_storage\":true,\"default_service\":null,\"default_staff\":null,\"service_card_show_badge\":false,\"package_card_show_badge\":true,\"gift_card_show_badge\":true,\"services_fields_order\":[\"service\",\"duration\",\"price\",\"staff\"],\"services_fields_show\":[\"service\",\"duration\",\"price\",\"staff\"],\"packages_fields_order\":[\"package\",\"service\",\"duration\",\"price\",\"staff\"],\"packages_fields_show\":[\"package\",\"service\",\"duration\",\"price\"],\"gift_cards_fields_order\":[\"title\",\"price\"],\"gift_cards_fields_show\":[\"title\",\"price\"],\"show_first_slot_only\":false,\"show_gift_cards\":true,\"show_add_to_calendar\":false,\"show_slot_info\":true,\"sell_services\":true,\"sell_gift_cards\":false,\"full_name_required\":true,\"first_name_required\":true,\"last_name_required\":true,\"email_required\":true,\"phone_required\":true,\"address_required\":false,\"birthday_required\":false,\"verify_credentials\":false,\"show_summary_service\":true,\"show_summary_staff\":false,\"show_summary_date\":true,\"show_summary_price\":true,\"show_blocked_slots\":true,\"initial_view\":\"form\",\"hidden_services\":[\"1\"],\"hidden_gift_cards\":[],\"details_fields_order\":[\"text\",\"full_name\",\"first_name\",\"last_name\",\"email\",\"phone\",\"address\",\"notes\",\"birthday\",\"terms\",\"google_maps\",\"custom_fields\"],\"details_fields_width\":{\"text\":12,\"full_name\":12,\"first_name\":6,\"last_name\":6,\"email\":6,\"phone\":6,\"google_maps\":12,\"address\":12,\"notes\":12,\"birthday\":12,\"terms\":12,\"custom_fields\":[]},\"details_fields_show\":[\"text\",\"first_name\",\"last_name\",\"custom_fields\",\"terms\"],\"cards_display_mode\":\"all\",\"available_dates\":\"with_slots\",\"show_services_mode\":\"no_any\",\"address\":{\"order\":[\"country\",\"state\",\"postcode\",\"city\",\"street\",\"street_number\",\"additional_address\"],\"show\":[\"country\",\"state\",\"postcode\",\"city\",\"street\",\"street_number\",\"additional_address\"],\"labels\":{\"country\":\"Pays\",\"state\":\"\\u00c9tat\\\/R\\u00e9gion\",\"postcode\":\"Code Postal\",\"city\":\"Ville\",\"street\":\"Adresse\",\"street_number\":\"N\\u00b0 de rue\",\"additional_address\":\"Adresse compl\\u00e9mentaire\"}},\"l10n\":{\"steps\":{\"calendar\":\"Starten\",\"extras\":\"Suppl\\u00e9ments\",\"slots\":\"Uhrzeit\",\"cart\":\"Panier\",\"details\":\"Details\",\"payment\":\"F\\u00fcrsorge\",\"done\":\"beenden\"},\"steps_descriptions\":{\"calendar\":\"Service w\\u00e4hlen\",\"extras\":\"Ajouter des suppl\\u00e9ments\",\"slots\":\"W\\u00e4hlen Sie ein Zeitfenster\",\"cart\":\"V\\u00e9rifier le panier\",\"details\":\"Ihre Kontaktdaten\",\"payment\":\"Einen Kauf t\\u00e4tigen\",\"done\":\"Fertig\"},\"address_label\":\"Adresse\",\"address_placeholders\":{\"country\":\"Pays\",\"state\":\"\\u00c9tat\\\/R\\u00e9gion\",\"postcode\":\"Code Postal\",\"city\":\"Ville\",\"street\":\"Adresse\",\"street_number\":\"N\\u00b0 de rue\",\"additional_address\":\"Adresse compl\\u00e9mentaire\"},\"notes\":\"Hinweise\",\"birthday\":\"Anniversaire\",\"staff\":\"Equipe\",\"any_staff\":\"Votre guide\",\"service\":\"Spaziergang\",\"gift_card\":\"Carte cadeau\",\"gift_card_title\":\"Carte cadeau\",\"date\":\"Datum\",\"time\":\"Uhrzeit\",\"price\":\"Preis\",\"next\":\"Weiter\",\"back\":\"Retour\",\"select_service\":\"Service w\\u00e4hlen\",\"select_staff\":\"Tous\",\"book_now\":\"Jetzt reservieren\",\"buy_now\":\"Acheter maintenant\",\"book_more\":\"Mehr reservieren\",\"close\":\"schlie\\u00dfen\",\"full_name\":\"Nom complet\",\"full_name_error_required\":\"Erforderlich\",\"first_name\":\"Vorname\",\"first_name_error_required\":\"Erforderlich\",\"last_name\":\"Name\",\"last_name_error_required\":\"Erforderlich\",\"email\":\"E-mail\",\"email_error_required\":\"Erforderlich\",\"phone\":\"T\\u00e9l\\u00e9phone\",\"phone_error_required\":\"Erforderlich\",\"address_field_required\":\"Erforderlich\",\"birthday_error_required\":\"Erforderlich\",\"no_slots\":\"Keine Zeitfenster verf\\u00fcgbar\",\"slot_not_available\":\"Zeitfenster bereits reserviert\",\"no_results\":\"Keine Ergebnisse gefunden\",\"nop\":\"Nombre de personnes\",\"booking_success\":\"Merci !\",\"booking_error\":\"Oups !\",\"booking_completed\":\" Ihre Reservierung ist abgeschlossen.\",\"gift_card_booking_completed\":\"Votre carte cadeau a \\u00e9t\\u00e9 cr\\u00e9\\u00e9e.\",\"processing\":\"Votre paiement a \\u00e9t\\u00e9 accept\\u00e9 et est en cours de traitement.\",\"group_skip_payment\":\"Le paiement a \\u00e9t\\u00e9 saut\\u00e9.\",\"payment_impossible\":\"Aucune m\\u00e9thode de paiement n'est disponible. Veuillez contacter votre fournisseur de services. \",\"appointments_limit_reached\":\"Vous essayez d'utiliser ce service trop souvent. Veuillez nous contacter pour effectuer une r\\u00e9servation.\",\"terms_text\":\"Ich akzeptiere die Nutzungsbedingungen\",\"text_calendar\":\"Bitte w\\u00e4hlen Sie einen Spaziergang<br>Preis pro Person\",\"text_extras\":\"S\\u00e9lectionnez les Suppl\\u00e9ments que vous souhaitez (S\\u00e9lection multiple)\",\"text_slots\":\"Cliquez sur un cr\\u00e9neau horaire pour proc\\u00e9der \\u00e0 la r\\u00e9servation.<br>8 verf\\u00fcgbare Pl\\u00e4tze pro Sitzung.\",\"text_details\":\"Bitte geben Sie Ihre Kontaktdaten in das untenstehende Formular ein, um mit der Buchung fortzufahren.\",\"text_payment\":\"Veuillez nous indiquer comment vous souhaitez payer\",\"gift_card_label\":\"Carte cadeau\",\"gift_card_button\":\"Appliquer\",\"gift_card_text\":\"Votre code de carte cadeau si vous en avez un\",\"gift_card_expired\":\"Cette carte cadeau a expir\\u00e9\",\"gift_card_invalid\":\"Cette carte cadeau ne peut pas \\u00eatre utilis\\u00e9e pour la commande en cours\",\"gift_card_low_balance\":\"Le solde de la carte cadeau n'est pas suffisant\",\"gift_card_not_found\":\"Carte cadeau non trouv\\u00e9e\",\"timezone\":\"Votre fuseau horaire\",\"select_city\":\"S\\u00e9lectionnez une ville\",\"add_to_calendar\":\"Ajouter au calendrier\",\"total\":\"Gesamtbetrag\\n\",\"sub_total\":\"Sous-total\",\"discount\":\"Remise\",\"to_pay\":\"Montant \\u00e0 payer\",\"verify_code\":\"Verifizierungscode\",\"verify_email\":\"Saisissez le code de v\\u00e9rification figurant dans l'e-mail\",\"verify_phone\":\"Saisissez le code de v\\u00e9rification figurant dans le SMS\",\"verify_resend\":\"Renvoyer le code\",\"verify_apply\":\"Appliquer\",\"verify_code_incorrect\":\"Code de v\\u00e9rification incorrect\",\"cart_item_not_available\":\"Die ausgew\\u00e4hlte Uhrzeit ist nicht mehr verf\\u00fcgbar\",\"initial_view_button_title\":\"Anzeigen\",\"capacity\":\"Capacit\\u00e9\",\"capacity_busy\":\"Occup\\u00e9\",\"capacity_free\":\"Libre\",\"categories\":\"Cat\\u00e9gories\",\"text_categories\":\"Veuillez s\\u00e9lectionner une cat\\u00e9gorie\",\"text_services\":\"Bitte w\\u00e4hlen Sie einen Service\",\"more\":\"+%d plus\",\"payment_system_cloud_stripe\":\"Ich m\\u00f6chte jetzt mit Kreditkarte bezahlen\",\"payment_system_local\":\"Je paie sur place\"},\"show_nop\":true,\"show_nop_on_slots\":true,\"category_card_width\":260,\"category_header_height\":120,\"category_body_height\":240,\"step_service_card_width\":260,\"step_service_card_header_height\":120,\"step_service_card_body_height\":240,\"categories_list\":[\"-1\"],\"services_list\":null,\"skip_categories_step\":true,\"skip_services_step\":true,\"type\":\"services-form\",\"staff_any\":false,\"name\":\"Balade santa maria clone\",\"categories_any\":false,\"show_stepper\":true,\"custom_css\":\"\",\"token\":\"balade-santa-maria-clone\"});\n    });\n    var ajaxurl = \"https:\/\/globe-trott.com\/wp-admin\/admin-ajax.php?lang=de\";\n<\/script>\n<style>\n    .bookly-services-form-balade-santa-maria-clone-69e7369adb5b4 {\n        --bookly-color: #605a35;\n    }\n\n    :root {\n        --bookly-flags-url: url(https:\/\/globe-trott.com\/wp-content\/plugins\/bookly-responsive-appointment-booking-tool\/frontend\/resources\/images\/flags.png);\n        --bookly-flags2x-url: url(https:\/\/globe-trott.com\/wp-content\/plugins\/bookly-responsive-appointment-booking-tool\/frontend\/resources\/images\/flags@2x.png);\n        --rtl-phone-align: left;\n    }\n<\/style>\n<div id=\"bookly-services-form-balade-santa-maria-clone-69e7369adb5b4\" class=\"bookly-services-form-container bookly-services-form-balade-santa-maria-clone-69e7369adb5b4\"><\/div><\/div>\n\t\t\t\t\t\t<\/div>\n\t\t\t\t\t<\/div>\n\t\t\t\t<\/div>\n\t\t<div class=\"elementor-element elementor-element-49ae8cb e-flex e-con-boxed e-con e-parent\" data-id=\"49ae8cb\" data-element_type=\"container\" data-settings=\"{&quot;background_background&quot;:&quot;gradient&quot;}\">\n\t\t\t\t\t<div class=\"e-con-inner\">\n\t\t\t\t<div class=\"elementor-element elementor-element-ac72719 elementor-widget elementor-widget-heading\" data-id=\"ac72719\" data-element_type=\"widget\" data-widget_type=\"heading.default\">\n\t\t\t\t\t<h2 class=\"elementor-heading-title elementor-size-default\">Fotos von der Wanderung<\/h2>\t\t\t\t<\/div>\n\t\t\t\t<div class=\"elementor-element elementor-element-d028aa6 elementor-arrows-position-inside elementor-pagination-position-outside elementor-widget elementor-widget-image-carousel\" data-id=\"d028aa6\" data-element_type=\"widget\" data-settings=\"{&quot;slides_to_show&quot;:&quot;3&quot;,&quot;slides_to_scroll&quot;:&quot;3&quot;,&quot;slides_to_show_mobile&quot;:&quot;2&quot;,&quot;slides_to_scroll_mobile&quot;:&quot;2&quot;,&quot;navigation&quot;:&quot;both&quot;,&quot;autoplay&quot;:&quot;yes&quot;,&quot;pause_on_hover&quot;:&quot;yes&quot;,&quot;pause_on_interaction&quot;:&quot;yes&quot;,&quot;autoplay_speed&quot;:5000,&quot;infinite&quot;:&quot;yes&quot;,&quot;speed&quot;:500,&quot;image_spacing_custom&quot;:{&quot;unit&quot;:&quot;px&quot;,&quot;size&quot;:20,&quot;sizes&quot;:[]},&quot;image_spacing_custom_tablet&quot;:{&quot;unit&quot;:&quot;px&quot;,&quot;size&quot;:&quot;&quot;,&quot;sizes&quot;:[]},&quot;image_spacing_custom_mobile&quot;:{&quot;unit&quot;:&quot;px&quot;,&quot;size&quot;:&quot;&quot;,&quot;sizes&quot;:[]}}\" data-widget_type=\"image-carousel.default\">\n\t\t\t\t\t\t\t<div class=\"elementor-image-carousel-wrapper swiper\" role=\"region\" aria-roledescription=\"carousel\" aria-label=\"Carrousel d\u2019images\" dir=\"ltr\">\n\t\t\t<div class=\"elementor-image-carousel swiper-wrapper swiper-image-stretch\" aria-live=\"off\">\n\t\t\t\t\t\t\t\t<div class=\"swiper-slide\" role=\"group\" aria-roledescription=\"slide\" aria-label=\"1 von 5\"><figure class=\"swiper-slide-inner\"><img decoding=\"async\" class=\"swiper-slide-image\" src=\"https:\/\/globe-trott.com\/wp-content\/uploads\/elementor\/thumbs\/EFFECTS-r4hbdmmamwfkwx3suc6hgn7nk15e83zlbyee77a4js.webp\" alt=\"EFFECTS\" \/><\/figure><\/div><div class=\"swiper-slide\" role=\"group\" aria-roledescription=\"slide\" aria-label=\"2 von 5\"><figure class=\"swiper-slide-inner\"><img decoding=\"async\" class=\"swiper-slide-image\" src=\"https:\/\/globe-trott.com\/wp-content\/uploads\/elementor\/thumbs\/2-r1p8r1pxm0buyvpx3n4ih4c30z88yyhsbdrfbgq8aw.jpg\" alt=\"2\" \/><\/figure><\/div><div class=\"swiper-slide\" role=\"group\" aria-roledescription=\"slide\" aria-label=\"3 von 5\"><figure class=\"swiper-slide-inner\"><img decoding=\"async\" class=\"swiper-slide-image\" src=\"https:\/\/globe-trott.com\/wp-content\/uploads\/elementor\/thumbs\/26227-r4hbas5vxyjbrf8mglw5ev2et16dx3oulvagw1i1e0.jpg\" alt=\"26227\" \/><\/figure><\/div><div class=\"swiper-slide\" role=\"group\" aria-roledescription=\"slide\" aria-label=\"4 von 5\"><figure class=\"swiper-slide-inner\"><img decoding=\"async\" class=\"swiper-slide-image\" src=\"https:\/\/globe-trott.com\/wp-content\/uploads\/elementor\/thumbs\/slidea2-r4hbb1k9uaw6ziuyxpyf3sp0qvw222q5z5tbot43ns.jpg\" alt=\"slidea2\" \/><\/figure><\/div><div class=\"swiper-slide\" role=\"group\" aria-roledescription=\"slide\" aria-label=\"5 von 5\"><figure class=\"swiper-slide-inner\"><img decoding=\"async\" class=\"swiper-slide-image\" src=\"https:\/\/globe-trott.com\/wp-content\/uploads\/elementor\/thumbs\/EFFECTS-r4hbdmmamwfkwx3suc6hgn7nk15e83zlbyee77a4js.webp\" alt=\"EFFECTS\" \/><\/figure><\/div>\t\t\t<\/div>\n\t\t\t\t\t\t\t\t\t\t\t\t<div class=\"elementor-swiper-button elementor-swiper-button-prev\" role=\"button\" tabindex=\"0\">\n\t\t\t\t\t\t<svg aria-hidden=\"true\" class=\"e-font-icon-svg e-eicon-chevron-left\" viewBox=\"0 0 1000 1000\" xmlns=\"http:\/\/www.w3.org\/2000\/svg\"><path d=\"M646 125C629 125 613 133 604 142L308 442C296 454 292 471 292 487 292 504 296 521 308 533L604 854C617 867 629 875 646 875 663 875 679 871 692 858 704 846 713 829 713 812 713 796 708 779 692 767L438 487 692 225C700 217 708 204 708 187 708 171 704 154 692 142 675 129 663 125 646 125Z\"><\/path><\/svg>\t\t\t\t\t<\/div>\n\t\t\t\t\t<div class=\"elementor-swiper-button elementor-swiper-button-next\" role=\"button\" tabindex=\"0\">\n\t\t\t\t\t\t<svg aria-hidden=\"true\" class=\"e-font-icon-svg e-eicon-chevron-right\" viewBox=\"0 0 1000 1000\" xmlns=\"http:\/\/www.w3.org\/2000\/svg\"><path d=\"M696 533C708 521 713 504 713 487 713 471 708 454 696 446L400 146C388 133 375 125 354 125 338 125 325 129 313 142 300 154 292 171 292 187 292 204 296 221 308 233L563 492 304 771C292 783 288 800 288 817 288 833 296 850 308 863 321 871 338 875 354 875 371 875 388 867 400 854L696 533Z\"><\/path><\/svg>\t\t\t\t\t<\/div>\n\t\t\t\t\n\t\t\t\t\t\t\t\t\t<div class=\"swiper-pagination\"><\/div>\n\t\t\t\t\t\t\t\t\t<\/div>\n\t\t\t\t\t\t<\/div>\n\t\t\t\t\t<\/div>\n\t\t\t\t<\/div>\n\t\t\t\t<\/div>\n\t\t","protected":false},"excerpt":{"rendered":"<p>Meine Sitzung buchen \ud83c\udf04 Mirador Ride \u2013 eine atemberaubende Aussicht auf einem Elektroroller! \u26a1\ud83d\udeb4 Erheben Sie sich in die L\u00fcfte und entdecken Sie Nordkatalonien aus einer neuen Perspektive mit dieser Wanderung, die Sie zum Mirador f\u00fchrt, einem au\u00dfergew\u00f6hnlichen Aussichtspunkt, der ein 360\u00b0-Panorama der Region bietet. Ein idealer Ausflug f\u00fcr Liebhaber der Natur und der Weite! [&hellip;]<\/p>\n","protected":false},"author":1,"featured_media":0,"parent":0,"menu_order":0,"comment_status":"closed","ping_status":"closed","template":"elementor_header_footer","meta":{"_joinchat":[],"footnotes":""},"class_list":["post-926","page","type-page","status-publish","hentry"],"aioseo_notices":[],"_links":{"self":[{"href":"https:\/\/globe-trott.com\/de\/wp-json\/wp\/v2\/pages\/926","targetHints":{"allow":["GET"]}}],"collection":[{"href":"https:\/\/globe-trott.com\/de\/wp-json\/wp\/v2\/pages"}],"about":[{"href":"https:\/\/globe-trott.com\/de\/wp-json\/wp\/v2\/types\/page"}],"author":[{"embeddable":true,"href":"https:\/\/globe-trott.com\/de\/wp-json\/wp\/v2\/users\/1"}],"replies":[{"embeddable":true,"href":"https:\/\/globe-trott.com\/de\/wp-json\/wp\/v2\/comments?post=926"}],"version-history":[{"count":1,"href":"https:\/\/globe-trott.com\/de\/wp-json\/wp\/v2\/pages\/926\/revisions"}],"predecessor-version":[{"id":927,"href":"https:\/\/globe-trott.com\/de\/wp-json\/wp\/v2\/pages\/926\/revisions\/927"}],"wp:attachment":[{"href":"https:\/\/globe-trott.com\/de\/wp-json\/wp\/v2\/media?parent=926"}],"curies":[{"name":"wp","href":"https:\/\/api.w.org\/{rel}","templated":true}]}}