{"id":901,"date":"2025-02-18T19:50:00","date_gmt":"2025-02-18T18:50:00","guid":{"rendered":"https:\/\/globe-trott.com\/ausloesungen\/"},"modified":"2025-06-04T16:29:00","modified_gmt":"2025-06-04T14:29:00","slug":"unsere-reisen","status":"publish","type":"page","link":"https:\/\/globe-trott.com\/de\/unsere-reisen\/","title":{"rendered":"unsere Reisen"},"content":{"rendered":"\t\t<div data-elementor-type=\"wp-page\" data-elementor-id=\"901\" class=\"elementor elementor-901 elementor-67\" data-elementor-post-type=\"page\">\n\t\t\t\t<div class=\"elementor-element elementor-element-54bf83a e-flex e-con-boxed e-con e-parent\" data-id=\"54bf83a\" data-element_type=\"container\" data-settings=\"{&quot;background_background&quot;:&quot;classic&quot;}\">\n\t\t\t\t\t<div class=\"e-con-inner\">\n\t\t\t\t<div class=\"elementor-element elementor-element-a35efe5 elementor-widget elementor-widget-image\" data-id=\"a35efe5\" data-element_type=\"widget\" data-widget_type=\"image.default\">\n\t\t\t\t\t\t\t\t\t\t\t\t\t\t\t<img fetchpriority=\"high\" decoding=\"async\" width=\"600\" height=\"540\" src=\"https:\/\/globe-trott.com\/wp-content\/uploads\/2025\/04\/LOGO-Globe-Trott-blanc.png\" class=\"attachment-large size-large wp-image-739\" alt=\"\" srcset=\"https:\/\/globe-trott.com\/wp-content\/uploads\/2025\/04\/LOGO-Globe-Trott-blanc.png 600w, https:\/\/globe-trott.com\/wp-content\/uploads\/2025\/04\/LOGO-Globe-Trott-blanc-300x270.png 300w\" sizes=\"(max-width: 600px) 100vw, 600px\" \/>\t\t\t\t\t\t\t\t\t\t\t\t\t\t\t<\/div>\n\t\t\t\t<div class=\"elementor-element elementor-element-020243e elementor-widget elementor-widget-heading\" data-id=\"020243e\" data-element_type=\"widget\" data-widget_type=\"heading.default\">\n\t\t\t\t\t<h2 class=\"elementor-heading-title elementor-size-default\">Entdecken Sie Ausfl\u00fcge in die Natur<\/h2>\t\t\t\t<\/div>\n\t\t\t\t\t<\/div>\n\t\t\t\t<\/div>\n\t\t<div class=\"elementor-element elementor-element-ebe4970 e-flex e-con-boxed e-con e-parent\" data-id=\"ebe4970\" data-element_type=\"container\">\n\t\t\t\t\t<div class=\"e-con-inner\">\n\t\t<div class=\"elementor-element elementor-element-7ff93e3 e-con-full e-flex e-con e-child\" data-id=\"7ff93e3\" data-element_type=\"container\">\n\t\t\t\t<div class=\"elementor-element elementor-element-e740afd elementor-widget elementor-widget-image\" data-id=\"e740afd\" data-element_type=\"widget\" data-widget_type=\"image.default\">\n\t\t\t\t\t\t\t\t\t\t\t\t\t\t\t<img decoding=\"async\" width=\"800\" height=\"450\" src=\"https:\/\/globe-trott.com\/wp-content\/uploads\/2025\/03\/photo-trotinette-1024x576.jpg\" class=\"attachment-large size-large wp-image-388\" alt=\"\" srcset=\"https:\/\/globe-trott.com\/wp-content\/uploads\/2025\/03\/photo-trotinette-1024x576.jpg 1024w, https:\/\/globe-trott.com\/wp-content\/uploads\/2025\/03\/photo-trotinette-300x169.jpg 300w, https:\/\/globe-trott.com\/wp-content\/uploads\/2025\/03\/photo-trotinette-768x432.jpg 768w, https:\/\/globe-trott.com\/wp-content\/uploads\/2025\/03\/photo-trotinette-1536x864.jpg 1536w, https:\/\/globe-trott.com\/wp-content\/uploads\/2025\/03\/photo-trotinette.jpg 1600w\" sizes=\"(max-width: 800px) 100vw, 800px\" \/>\t\t\t\t\t\t\t\t\t\t\t\t\t\t\t<\/div>\n\t\t\t\t<\/div>\n\t\t<div class=\"elementor-element elementor-element-092e433 e-con-full e-flex e-con e-child\" data-id=\"092e433\" data-element_type=\"container\">\n\t\t\t\t<div class=\"elementor-element elementor-element-c3fba69 elementor-widget elementor-widget-heading\" data-id=\"c3fba69\" data-element_type=\"widget\" data-widget_type=\"heading.default\">\n\t\t\t\t\t<h2 class=\"elementor-heading-title elementor-size-default\">Punta Mila Wanderung<\/h2>\t\t\t\t<\/div>\n\t\t\t\t<div class=\"elementor-element elementor-element-fca898a elementor-icon-list--layout-traditional elementor-list-item-link-full_width elementor-widget elementor-widget-icon-list\" data-id=\"fca898a\" data-element_type=\"widget\" data-widget_type=\"icon-list.default\">\n\t\t\t\t\t\t\t<ul class=\"elementor-icon-list-items\">\n\t\t\t\t\t\t\t<li class=\"elementor-icon-list-item\">\n\t\t\t\t\t\t\t\t\t\t\t<span class=\"elementor-icon-list-icon\">\n\t\t\t\t\t\t\t<svg aria-hidden=\"true\" class=\"e-font-icon-svg e-fas-clock\" viewBox=\"0 0 512 512\" xmlns=\"http:\/\/www.w3.org\/2000\/svg\"><path d=\"M256,8C119,8,8,119,8,256S119,504,256,504,504,393,504,256,393,8,256,8Zm92.49,313h0l-20,25a16,16,0,0,1-22.49,2.5h0l-67-49.72a40,40,0,0,1-15-31.23V112a16,16,0,0,1,16-16h32a16,16,0,0,1,16,16V256l58,42.5A16,16,0,0,1,348.49,321Z\"><\/path><\/svg>\t\t\t\t\t\t<\/span>\n\t\t\t\t\t\t\t\t\t\t<span class=\"elementor-icon-list-text\">Dauer: 1h30<\/span>\n\t\t\t\t\t\t\t\t\t<\/li>\n\t\t\t\t\t\t\t\t<li class=\"elementor-icon-list-item\">\n\t\t\t\t\t\t\t\t\t\t\t<span class=\"elementor-icon-list-icon\">\n\t\t\t\t\t\t\t<svg aria-hidden=\"true\" class=\"e-font-icon-svg e-fas-signal\" viewBox=\"0 0 640 512\" xmlns=\"http:\/\/www.w3.org\/2000\/svg\"><path d=\"M216 288h-48c-8.84 0-16 7.16-16 16v192c0 8.84 7.16 16 16 16h48c8.84 0 16-7.16 16-16V304c0-8.84-7.16-16-16-16zM88 384H40c-8.84 0-16 7.16-16 16v96c0 8.84 7.16 16 16 16h48c8.84 0 16-7.16 16-16v-96c0-8.84-7.16-16-16-16zm256-192h-48c-8.84 0-16 7.16-16 16v288c0 8.84 7.16 16 16 16h48c8.84 0 16-7.16 16-16V208c0-8.84-7.16-16-16-16zm128-96h-48c-8.84 0-16 7.16-16 16v384c0 8.84 7.16 16 16 16h48c8.84 0 16-7.16 16-16V112c0-8.84-7.16-16-16-16zM600 0h-48c-8.84 0-16 7.16-16 16v480c0 8.84 7.16 16 16 16h48c8.84 0 16-7.16 16-16V16c0-8.84-7.16-16-16-16z\"><\/path><\/svg>\t\t\t\t\t\t<\/span>\n\t\t\t\t\t\t\t\t\t\t<span class=\"elementor-icon-list-text\">Schwierigkeitsgrad: F\u00fcr alle zug\u00e4nglich<\/span>\n\t\t\t\t\t\t\t\t\t<\/li>\n\t\t\t\t\t\t\t\t<li class=\"elementor-icon-list-item\">\n\t\t\t\t\t\t\t\t\t\t\t<span class=\"elementor-icon-list-icon\">\n\t\t\t\t\t\t\t<svg aria-hidden=\"true\" class=\"e-font-icon-svg e-fas-map-pin\" viewBox=\"0 0 288 512\" xmlns=\"http:\/\/www.w3.org\/2000\/svg\"><path d=\"M112 316.94v156.69l22.02 33.02c4.75 7.12 15.22 7.12 19.97 0L176 473.63V316.94c-10.39 1.92-21.06 3.06-32 3.06s-21.61-1.14-32-3.06zM144 0C64.47 0 0 64.47 0 144s64.47 144 144 144 144-64.47 144-144S223.53 0 144 0zm0 76c-37.5 0-68 30.5-68 68 0 6.62-5.38 12-12 12s-12-5.38-12-12c0-50.73 41.28-92 92-92 6.62 0 12 5.38 12 12s-5.38 12-12 12z\"><\/path><\/svg>\t\t\t\t\t\t<\/span>\n\t\t\t\t\t\t\t\t\t\t<span class=\"elementor-icon-list-text\">Start: L'escala<\/span>\n\t\t\t\t\t\t\t\t\t<\/li>\n\t\t\t\t\t\t<\/ul>\n\t\t\t\t\t\t<\/div>\n\t\t\t\t<div class=\"elementor-element elementor-element-a2f3196 elementor-widget elementor-widget-button\" data-id=\"a2f3196\" data-element_type=\"widget\" data-widget_type=\"button.default\">\n\t\t\t\t\t\t\t\t\t\t<a class=\"elementor-button elementor-button-link elementor-size-sm\" href=\"https:\/\/globe-trott.com\/de\/ausloesungen\/punta-mila-wanderung\/\">\n\t\t\t\t\t\t<span class=\"elementor-button-content-wrapper\">\n\t\t\t\t\t\t\t\t\t<span class=\"elementor-button-text\">Entdecken &amp; Buchen<\/span>\n\t\t\t\t\t<\/span>\n\t\t\t\t\t<\/a>\n\t\t\t\t\t\t\t\t<\/div>\n\t\t\t\t<\/div>\n\t\t\t\t\t<\/div>\n\t\t\t\t<\/div>\n\t\t<div class=\"elementor-element elementor-element-7f4d8b2 e-flex e-con-boxed e-con e-parent\" data-id=\"7f4d8b2\" data-element_type=\"container\">\n\t\t\t\t\t<div class=\"e-con-inner\">\n\t\t\t\t<div class=\"elementor-element elementor-element-3045efb elementor-widget elementor-widget-heading\" data-id=\"3045efb\" data-element_type=\"widget\" data-widget_type=\"heading.default\">\n\t\t\t\t\t<h2 class=\"elementor-heading-title elementor-size-default\">Stornierung der Buchung<\/h2>\t\t\t\t<\/div>\n\t\t\t\t<div class=\"elementor-element elementor-element-ffb217c elementor-widget elementor-widget-text-editor\" data-id=\"ffb217c\" data-element_type=\"widget\" data-widget_type=\"text-editor.default\">\n\t\t\t\t\t\t\t\t\t<p>Im Falle einer Stornierung einer Reservierung bitten wir Sie, uns dies 24 Stunden im Voraus mitzuteilen.<\/p>\t\t\t\t\t\t\t\t<\/div>\n\t\t\t\t\t<\/div>\n\t\t\t\t<\/div>\n\t\t\t\t<\/div>\n\t\t","protected":false},"excerpt":{"rendered":"<p>Entdecken Sie Ausfl\u00fcge in die Natur Punta Mila Wanderung Dauer: 1h30 Schwierigkeitsgrad: F\u00fcr alle zug\u00e4nglich Start: L&#8217;escala Entdecken &amp; Buchen Stornierung der Buchung Im Falle einer Stornierung einer Reservierung bitten wir Sie, uns dies 24 Stunden im Voraus mitzuteilen.<\/p>\n","protected":false},"author":1,"featured_media":0,"parent":0,"menu_order":0,"comment_status":"closed","ping_status":"closed","template":"elementor_header_footer","meta":{"_joinchat":[],"footnotes":""},"class_list":["post-901","page","type-page","status-publish","hentry"],"aioseo_notices":[],"_links":{"self":[{"href":"https:\/\/globe-trott.com\/de\/wp-json\/wp\/v2\/pages\/901","targetHints":{"allow":["GET"]}}],"collection":[{"href":"https:\/\/globe-trott.com\/de\/wp-json\/wp\/v2\/pages"}],"about":[{"href":"https:\/\/globe-trott.com\/de\/wp-json\/wp\/v2\/types\/page"}],"author":[{"embeddable":true,"href":"https:\/\/globe-trott.com\/de\/wp-json\/wp\/v2\/users\/1"}],"replies":[{"embeddable":true,"href":"https:\/\/globe-trott.com\/de\/wp-json\/wp\/v2\/comments?post=901"}],"version-history":[{"count":3,"href":"https:\/\/globe-trott.com\/de\/wp-json\/wp\/v2\/pages\/901\/revisions"}],"predecessor-version":[{"id":1148,"href":"https:\/\/globe-trott.com\/de\/wp-json\/wp\/v2\/pages\/901\/revisions\/1148"}],"wp:attachment":[{"href":"https:\/\/globe-trott.com\/de\/wp-json\/wp\/v2\/media?parent=901"}],"curies":[{"name":"wp","href":"https:\/\/api.w.org\/{rel}","templated":true}]}}