{"id":787,"date":"2025-03-26T12:18:06","date_gmt":"2025-03-26T11:18:06","guid":{"rendered":"https:\/\/globe-trott.com\/compromisos\/"},"modified":"2025-04-17T12:09:16","modified_gmt":"2025-04-17T10:09:16","slug":"compromisos","status":"publish","type":"page","link":"https:\/\/globe-trott.com\/ca\/compromisos\/","title":{"rendered":"Compromisos"},"content":{"rendered":"\t\t<div data-elementor-type=\"wp-page\" data-elementor-id=\"787\" class=\"elementor elementor-787 elementor-497\" data-elementor-post-type=\"page\">\n\t\t\t\t<div class=\"elementor-element elementor-element-57bd97d e-flex e-con-boxed e-con e-parent\" data-id=\"57bd97d\" data-element_type=\"container\" data-settings=\"{&quot;background_background&quot;:&quot;classic&quot;}\">\n\t\t\t\t\t<div class=\"e-con-inner\">\n\t\t\t\t<div class=\"elementor-element elementor-element-d6b3f86 elementor-widget elementor-widget-image\" data-id=\"d6b3f86\" data-element_type=\"widget\" data-widget_type=\"image.default\">\n\t\t\t\t\t\t\t\t\t\t\t\t\t\t\t<img fetchpriority=\"high\" decoding=\"async\" width=\"600\" height=\"540\" src=\"https:\/\/globe-trott.com\/wp-content\/uploads\/2025\/04\/LOGO-Globe-Trott-blanc.png\" class=\"attachment-large size-large wp-image-739\" alt=\"\" srcset=\"https:\/\/globe-trott.com\/wp-content\/uploads\/2025\/04\/LOGO-Globe-Trott-blanc.png 600w, https:\/\/globe-trott.com\/wp-content\/uploads\/2025\/04\/LOGO-Globe-Trott-blanc-300x270.png 300w\" sizes=\"(max-width: 600px) 100vw, 600px\" \/>\t\t\t\t\t\t\t\t\t\t\t\t\t\t\t<\/div>\n\t\t\t\t<div class=\"elementor-element elementor-element-f3f506d elementor-widget elementor-widget-heading\" data-id=\"f3f506d\" data-element_type=\"widget\" data-widget_type=\"heading.default\">\n\t\t\t\t\t<h2 class=\"elementor-heading-title elementor-size-default\">Compromisos mediambientals<\/h2>\t\t\t\t<\/div>\n\t\t\t\t<div class=\"elementor-element elementor-element-36553f3 elementor-widget elementor-widget-text-editor\" data-id=\"36553f3\" data-element_type=\"widget\" data-widget_type=\"text-editor.default\">\n\t\t\t\t\t\t\t\t\t<p>Descobreix la llibertat d&#8217;explorar la natura amb Globe Trott, una experi\u00e8ncia \u00fanica de patinet el\u00e8ctric tot terreny. Submergeix-te en la bellesa del Parc Natural de Torroella de Montgr\u00ed, on cada passeig es converteix en una aventura inoblidable. <\/p>\t\t\t\t\t\t\t\t<\/div>\n\t\t\t\t\t<\/div>\n\t\t\t\t<\/div>\n\t\t<div class=\"elementor-element elementor-element-91578a7 e-flex e-con-boxed e-con e-parent\" data-id=\"91578a7\" data-element_type=\"container\">\n\t\t\t\t\t<div class=\"e-con-inner\">\n\t\t<div class=\"elementor-element elementor-element-661e27d e-con-full e-flex e-con e-child\" data-id=\"661e27d\" data-element_type=\"container\">\n\t\t\t\t<div class=\"elementor-element elementor-element-a6e4cbd elementor-widget elementor-widget-image\" data-id=\"a6e4cbd\" data-element_type=\"widget\" data-widget_type=\"image.default\">\n\t\t\t\t\t\t\t\t\t\t\t\t\t\t\t<img decoding=\"async\" width=\"800\" height=\"800\" src=\"https:\/\/globe-trott.com\/wp-content\/uploads\/2025\/03\/Design-sans-titre-2025-02-25T151834.709-1-1-1024x1024.png\" class=\"attachment-large size-large wp-image-521\" alt=\"\" srcset=\"https:\/\/globe-trott.com\/wp-content\/uploads\/2025\/03\/Design-sans-titre-2025-02-25T151834.709-1-1-1024x1024.png 1024w, https:\/\/globe-trott.com\/wp-content\/uploads\/2025\/03\/Design-sans-titre-2025-02-25T151834.709-1-1-300x300.png 300w, https:\/\/globe-trott.com\/wp-content\/uploads\/2025\/03\/Design-sans-titre-2025-02-25T151834.709-1-1-150x150.png 150w, https:\/\/globe-trott.com\/wp-content\/uploads\/2025\/03\/Design-sans-titre-2025-02-25T151834.709-1-1-768x768.png 768w, https:\/\/globe-trott.com\/wp-content\/uploads\/2025\/03\/Design-sans-titre-2025-02-25T151834.709-1-1.png 1080w\" sizes=\"(max-width: 800px) 100vw, 800px\" \/>\t\t\t\t\t\t\t\t\t\t\t\t\t\t\t<\/div>\n\t\t\t\t<\/div>\n\t\t<div class=\"elementor-element elementor-element-a0ee9ca e-con-full e-flex e-con e-child\" data-id=\"a0ee9ca\" data-element_type=\"container\">\n\t\t\t\t<div class=\"elementor-element elementor-element-df84413 elementor-widget elementor-widget-heading\" data-id=\"df84413\" data-element_type=\"widget\" data-widget_type=\"heading.default\">\n\t\t\t\t\t<h2 class=\"elementor-heading-title elementor-size-default\">La nostra missi\u00f3: \nconscienciar i sorprendre<\/h2>\t\t\t\t<\/div>\n\t\t\t\t<div class=\"elementor-element elementor-element-491a2fd elementor-widget elementor-widget-text-editor\" data-id=\"491a2fd\" data-element_type=\"widget\" data-widget_type=\"text-editor.default\">\n\t\t\t\t\t\t\t\t\t<p>Us convidem a participar en passejades guiades que revelen la riquesa de la fauna i la flora de la nostra comarca. Mentre passeges per aquest parc natural, tindr\u00e0s l&#8217;oportunitat de prendre consci\u00e8ncia de la import\u00e0ncia de preservar el nostre entorn. A Globe Trott, creiem fermament que la natura mereix el nostre respecte i protecci\u00f3, especialment davant els riscos d&#8217;incendi.  <\/p>\t\t\t\t\t\t\t\t<\/div>\n\t\t\t\t<div class=\"elementor-element elementor-element-ccb599e elementor-widget elementor-widget-heading\" data-id=\"ccb599e\" data-element_type=\"widget\" data-widget_type=\"heading.default\">\n\t\t\t\t\t<h2 class=\"elementor-heading-title elementor-size-default\">Una aventura eco-responsable<\/h2>\t\t\t\t<\/div>\n\t\t\t\t<div class=\"elementor-element elementor-element-4fd5619 elementor-widget elementor-widget-text-editor\" data-id=\"4fd5619\" data-element_type=\"widget\" data-widget_type=\"text-editor.default\">\n\t\t\t\t\t\t\t\t\t<p>Els nostres patinets el\u00e8ctrics tot terreny combinen rendiment, seguretat i diversi\u00f3. Ofereixen un mitj\u00e0 de transport ecol\u00f2gic, accessible per a tothom, que facilita que tothom experimenti l&#8217;esplendor del parc. Prepara&#8217;t per experimentar sensacions \u00faniques mentre et compromets.  <\/p>\t\t\t\t\t\t\t\t<\/div>\n\t\t\t\t<\/div>\n\t\t\t\t\t<\/div>\n\t\t\t\t<\/div>\n\t\t<div class=\"elementor-element elementor-element-bdf36f9 e-flex e-con-boxed e-con e-parent\" data-id=\"bdf36f9\" data-element_type=\"container\">\n\t\t\t\t\t<div class=\"e-con-inner\">\n\t\t\t\t<div class=\"elementor-element elementor-element-4b25fd1 elementor-widget elementor-widget-heading\" data-id=\"4b25fd1\" data-element_type=\"widget\" data-widget_type=\"heading.default\">\n\t\t\t\t\t<h2 class=\"elementor-heading-title elementor-size-default\">El Parc Natural de Torroella de Montgr\u00ed<\/h2>\t\t\t\t<\/div>\n\t\t\t\t<div class=\"elementor-element elementor-element-8ddad41 elementor-widget elementor-widget-text-editor\" data-id=\"8ddad41\" data-element_type=\"widget\" data-widget_type=\"text-editor.default\">\n\t\t\t\t\t\t\t\t\t<p>Situat entre el mar i els pobles amb encant de l&#8217;Escala, Torroella de Montgr\u00ed i l&#8217;Estartit, aquest parc \u00e9s una aut\u00e8ntica joia de la biodiversitat. Et convidem a descobrir-la sota una nova llum, respectant l&#8217;equilibri dels ecosistemes que l&#8217;habiten. <\/p>\t\t\t\t\t\t\t\t<\/div>\n\t\t\t\t\t<\/div>\n\t\t\t\t<\/div>\n\t\t<div class=\"elementor-element elementor-element-88b0362 e-flex e-con-boxed e-con e-parent\" data-id=\"88b0362\" data-element_type=\"container\">\n\t\t\t\t\t<div class=\"e-con-inner\">\n\t\t\t\t<div class=\"elementor-element elementor-element-17e8f71 elementor-widget elementor-widget-gallery\" data-id=\"17e8f71\" data-element_type=\"widget\" data-settings=\"{&quot;lazyload&quot;:&quot;yes&quot;,&quot;gallery_layout&quot;:&quot;grid&quot;,&quot;columns&quot;:4,&quot;columns_tablet&quot;:2,&quot;columns_mobile&quot;:1,&quot;gap&quot;:{&quot;unit&quot;:&quot;px&quot;,&quot;size&quot;:10,&quot;sizes&quot;:[]},&quot;gap_tablet&quot;:{&quot;unit&quot;:&quot;px&quot;,&quot;size&quot;:10,&quot;sizes&quot;:[]},&quot;gap_mobile&quot;:{&quot;unit&quot;:&quot;px&quot;,&quot;size&quot;:10,&quot;sizes&quot;:[]},&quot;link_to&quot;:&quot;file&quot;,&quot;aspect_ratio&quot;:&quot;3:2&quot;,&quot;overlay_background&quot;:&quot;yes&quot;,&quot;content_hover_animation&quot;:&quot;fade-in&quot;}\" data-widget_type=\"gallery.default\">\n\t\t\t\t\t\t\t<div class=\"elementor-gallery__container\">\n\t\t\t\t\t\t\t<a class=\"e-gallery-item elementor-gallery-item elementor-animated-content\" href=\"https:\/\/globe-trott.com\/wp-content\/uploads\/2025\/03\/photo-trotinette.jpg\" data-elementor-open-lightbox=\"yes\" data-elementor-lightbox-slideshow=\"17e8f71\" data-elementor-lightbox-title=\"photo trotinette\" data-e-action-hash=\"#elementor-action%3Aaction%3Dlightbox%26settings%3DeyJpZCI6Mzg4LCJ1cmwiOiJodHRwczpcL1wvZ2xvYmUtdHJvdHQuY29tXC93cC1jb250ZW50XC91cGxvYWRzXC8yMDI1XC8wM1wvcGhvdG8tdHJvdGluZXR0ZS5qcGciLCJzbGlkZXNob3ciOiIxN2U4ZjcxIn0%3D\">\n\t\t\t\t\t<div class=\"e-gallery-image elementor-gallery-item__image\" data-thumbnail=\"https:\/\/globe-trott.com\/wp-content\/uploads\/2025\/03\/photo-trotinette-300x169.jpg\" data-width=\"300\" data-height=\"169\" aria-label=\"\" role=\"img\" ><\/div>\n\t\t\t\t\t\t\t\t\t\t\t<div class=\"elementor-gallery-item__overlay\"><\/div>\n\t\t\t\t\t\t\t\t\t\t\t\t\t\t<\/a>\n\t\t\t\t\t\t\t<a class=\"e-gallery-item elementor-gallery-item elementor-animated-content\" href=\"https:\/\/globe-trott.com\/wp-content\/uploads\/2025\/03\/photo-engagement.jpg\" data-elementor-open-lightbox=\"yes\" data-elementor-lightbox-slideshow=\"17e8f71\" data-elementor-lightbox-title=\"photo engagement\" data-e-action-hash=\"#elementor-action%3Aaction%3Dlightbox%26settings%3DeyJpZCI6Mzk0LCJ1cmwiOiJodHRwczpcL1wvZ2xvYmUtdHJvdHQuY29tXC93cC1jb250ZW50XC91cGxvYWRzXC8yMDI1XC8wM1wvcGhvdG8tZW5nYWdlbWVudC5qcGciLCJzbGlkZXNob3ciOiIxN2U4ZjcxIn0%3D\">\n\t\t\t\t\t<div class=\"e-gallery-image elementor-gallery-item__image\" data-thumbnail=\"https:\/\/globe-trott.com\/wp-content\/uploads\/2025\/03\/photo-engagement-221x300.jpg\" data-width=\"221\" data-height=\"300\" aria-label=\"\" role=\"img\" ><\/div>\n\t\t\t\t\t\t\t\t\t\t\t<div class=\"elementor-gallery-item__overlay\"><\/div>\n\t\t\t\t\t\t\t\t\t\t\t\t\t\t<\/a>\n\t\t\t\t\t\t\t<a class=\"e-gallery-item elementor-gallery-item elementor-animated-content\" href=\"https:\/\/globe-trott.com\/wp-content\/uploads\/2025\/03\/photo-globe-trott.jpg\" data-elementor-open-lightbox=\"yes\" data-elementor-lightbox-slideshow=\"17e8f71\" data-elementor-lightbox-title=\"photo globe trott\" data-e-action-hash=\"#elementor-action%3Aaction%3Dlightbox%26settings%3DeyJpZCI6NDA0LCJ1cmwiOiJodHRwczpcL1wvZ2xvYmUtdHJvdHQuY29tXC93cC1jb250ZW50XC91cGxvYWRzXC8yMDI1XC8wM1wvcGhvdG8tZ2xvYmUtdHJvdHQuanBnIiwic2xpZGVzaG93IjoiMTdlOGY3MSJ9\">\n\t\t\t\t\t<div class=\"e-gallery-image elementor-gallery-item__image\" data-thumbnail=\"https:\/\/globe-trott.com\/wp-content\/uploads\/2025\/03\/photo-globe-trott-300x225.jpg\" data-width=\"300\" data-height=\"225\" aria-label=\"\" role=\"img\" ><\/div>\n\t\t\t\t\t\t\t\t\t\t\t<div class=\"elementor-gallery-item__overlay\"><\/div>\n\t\t\t\t\t\t\t\t\t\t\t\t\t\t<\/a>\n\t\t\t\t\t\t\t<a class=\"e-gallery-item elementor-gallery-item elementor-animated-content\" href=\"https:\/\/globe-trott.com\/wp-content\/uploads\/2025\/02\/slidea2.jpg\" data-elementor-open-lightbox=\"yes\" data-elementor-lightbox-slideshow=\"17e8f71\" data-elementor-lightbox-title=\"slidea2\" data-e-action-hash=\"#elementor-action%3Aaction%3Dlightbox%26settings%3DeyJpZCI6NTYsInVybCI6Imh0dHBzOlwvXC9nbG9iZS10cm90dC5jb21cL3dwLWNvbnRlbnRcL3VwbG9hZHNcLzIwMjVcLzAyXC9zbGlkZWEyLmpwZyIsInNsaWRlc2hvdyI6IjE3ZThmNzEifQ%3D%3D\">\n\t\t\t\t\t<div class=\"e-gallery-image elementor-gallery-item__image\" data-thumbnail=\"https:\/\/globe-trott.com\/wp-content\/uploads\/2025\/02\/slidea2-300x173.jpg\" data-width=\"300\" data-height=\"173\" aria-label=\"\" role=\"img\" ><\/div>\n\t\t\t\t\t\t\t\t\t\t\t<div class=\"elementor-gallery-item__overlay\"><\/div>\n\t\t\t\t\t\t\t\t\t\t\t\t\t\t<\/a>\n\t\t\t\t\t<\/div>\n\t\t\t\t\t<\/div>\n\t\t\t\t\t<\/div>\n\t\t\t\t<\/div>\n\t\t<div class=\"elementor-element elementor-element-652ffd8 e-flex e-con-boxed e-con e-parent\" data-id=\"652ffd8\" data-element_type=\"container\">\n\t\t\t\t\t<div class=\"e-con-inner\">\n\t\t\t\t<div class=\"elementor-element elementor-element-0e3775e elementor-widget elementor-widget-spacer\" data-id=\"0e3775e\" data-element_type=\"widget\" data-widget_type=\"spacer.default\">\n\t\t\t\t\t\t\t<div class=\"elementor-spacer\">\n\t\t\t<div class=\"elementor-spacer-inner\"><\/div>\n\t\t<\/div>\n\t\t\t\t\t\t<\/div>\n\t\t\t\t\t<\/div>\n\t\t\t\t<\/div>\n\t\t\t\t<\/div>\n\t\t","protected":false},"excerpt":{"rendered":"<p>Compromisos mediambientals Descobreix la llibertat d&#8217;explorar la natura amb Globe Trott, una experi\u00e8ncia \u00fanica de patinet el\u00e8ctric tot terreny. Submergeix-te en la bellesa del Parc Natural de Torroella de Montgr\u00ed, on cada passeig es converteix en una aventura inoblidable. La nostra missi\u00f3: conscienciar i sorprendre Us convidem a participar en passejades guiades que revelen la [&hellip;]<\/p>\n","protected":false},"author":1,"featured_media":0,"parent":0,"menu_order":0,"comment_status":"closed","ping_status":"closed","template":"","meta":{"_joinchat":[],"footnotes":""},"class_list":["post-787","page","type-page","status-publish","hentry"],"aioseo_notices":[],"_links":{"self":[{"href":"https:\/\/globe-trott.com\/ca\/wp-json\/wp\/v2\/pages\/787","targetHints":{"allow":["GET"]}}],"collection":[{"href":"https:\/\/globe-trott.com\/ca\/wp-json\/wp\/v2\/pages"}],"about":[{"href":"https:\/\/globe-trott.com\/ca\/wp-json\/wp\/v2\/types\/page"}],"author":[{"embeddable":true,"href":"https:\/\/globe-trott.com\/ca\/wp-json\/wp\/v2\/users\/1"}],"replies":[{"embeddable":true,"href":"https:\/\/globe-trott.com\/ca\/wp-json\/wp\/v2\/comments?post=787"}],"version-history":[{"count":1,"href":"https:\/\/globe-trott.com\/ca\/wp-json\/wp\/v2\/pages\/787\/revisions"}],"predecessor-version":[{"id":789,"href":"https:\/\/globe-trott.com\/ca\/wp-json\/wp\/v2\/pages\/787\/revisions\/789"}],"wp:attachment":[{"href":"https:\/\/globe-trott.com\/ca\/wp-json\/wp\/v2\/media?parent=787"}],"curies":[{"name":"wp","href":"https:\/\/api.w.org\/{rel}","templated":true}]}}