{"id":1124,"date":"2025-05-30T13:14:47","date_gmt":"2025-05-30T11:14:47","guid":{"rendered":"https:\/\/globe-trott.com\/termes\/"},"modified":"2025-06-04T14:02:38","modified_gmt":"2025-06-04T12:02:38","slug":"termes","status":"publish","type":"page","link":"https:\/\/globe-trott.com\/ca\/termes\/","title":{"rendered":"TERMES"},"content":{"rendered":"\t\t<div data-elementor-type=\"wp-page\" data-elementor-id=\"1124\" class=\"elementor elementor-1124 elementor-1079\" data-elementor-post-type=\"page\">\n\t\t\t\t<div class=\"elementor-element elementor-element-dead7ef e-flex e-con-boxed e-con e-parent\" data-id=\"dead7ef\" data-element_type=\"container\">\n\t\t\t\t\t<div class=\"e-con-inner\">\n\t\t\t\t<div class=\"elementor-element elementor-element-740cae9 elementor-widget elementor-widget-heading\" data-id=\"740cae9\" data-element_type=\"widget\" data-widget_type=\"heading.default\">\n\t\t\t\t\t<h2 class=\"elementor-heading-title elementor-size-default\">TERMES<\/h2>\t\t\t\t<\/div>\n\t\t\t\t<div class=\"elementor-element elementor-element-1979e27 elementor-widget elementor-widget-text-editor\" data-id=\"1979e27\" data-element_type=\"widget\" data-widget_type=\"text-editor.default\">\n\t\t\t\t\t\t\t\t\t<p><strong>Condicions generals d&#8217;\u00fas (T&amp;C)<\/strong><\/p><ol><li><strong>  Presentaci\u00f3 del lloc<\/strong><\/li><\/ol><p>El web <strong>de Globe Trott<\/strong> (<a href=\"https:\/\/globe-trott.com\/\">https:\/\/globe-trott.com\/<\/a>) \u00e9s un aparador que ofereix serveis de lloguer de patinets el\u00e8ctrics, amb la possibilitat de fer una <strong>sol\u00b7licitud de reserva en l\u00ednia<\/strong>. Aquest lloc web est\u00e0 editat per Globe trott S L, amb domicili social a 15 carrer termes 17257 toreilla de Montgr\u00ed, Espanya, i es pot contactar a l&#8217;adre\u00e7a de correu electr\u00f2nic contact@globe-trott.com. <\/p><ol start=\"2\"><li><strong>  Acceptaci\u00f3 de les condicions<\/strong><\/li><\/ol><p>L&#8217;acc\u00e9s al lloc web i l&#8217;\u00fas dels seus serveis implica l&#8217;acceptaci\u00f3 plena i completa d&#8217;aquestes Condicions Generals d&#8217;\u00das.<\/p><ol start=\"3\"><li><strong>  Serveis oferts<\/strong><\/li><\/ol><p>El lloc permet als usuaris:<\/p><ul><li>Consulta ofertes d&#8217;excursions en scooter.<\/li><li>Fer una sol\u00b7licitud de reserva a trav\u00e9s d&#8217;un formulari<\/li><li>Poseu-vos en contacte amb l&#8217;equip de Globe Trott per a m\u00e9s informaci\u00f3<\/li><\/ul><ol start=\"4\"><li><strong>  Reserva<\/strong><\/li><\/ol><p>La reserva es realitza a trav\u00e9s d&#8217;un formulari en l\u00ednia on l&#8217;usuari ha d&#8217;emplenar determinades <strong>dades personals<\/strong> (nom, cognoms, correu electr\u00f2nic, tel\u00e8fon). Aquestes dades s\u00f3n necess\u00e0ries per a la tramitaci\u00f3 de la sol\u00b7licitud. <\/p><p>L \u201cenviament del formulari <strong>no constitueix una confirmaci\u00f3 autom\u00e0tica de la reserva<\/strong> . Globe Trott es reserva el dret d\u201d acceptar o rebutjar una sol\u00b7licitud, subjecte a disponibilitat. <\/p><p>El processament de pagaments \u00e9s gestionat per <strong>Stripe<\/strong>, una soluci\u00f3 de pagament segura. Globe Trott no emmagatzema les dades banc\u00e0ries de l \u201cusuari en cap moment. El tractament es realitza directament als servidors segurs de Stripe, d\u201d acord amb la seva pol\u00edtica de privacitat.  <\/p><ol start=\"5\"><li><strong>  Propietat intel\u00b7lectual<\/strong><\/li><\/ol><p>Tots els elements del lloc web (textos, imatges, logotips, v\u00eddeos, etc.) estan protegits per drets de propietat intel\u00b7lectual. Queda prohibida qualsevol reproducci\u00f3, representaci\u00f3 o distribuci\u00f3 sense perm\u00eds per escrit. <\/p><ol start=\"6\"><li><strong>  Responsabilitats<\/strong><\/li><\/ol><p>Globe Trott fa tot el possible per garantir l \u201cexactitud de la informaci\u00f3 publicada. No obstant aix\u00f2, el lloc no es fa responsable en cas d\u201d error, omissi\u00f3 o indisponibilitat del servei. <\/p><ol start=\"7\"><li><strong>  Dades personals<\/strong><\/li><\/ol><p>S \u201cinforma a l\u201d usuari que es recullen determinades dades durant la reserva. Consulta la Pol\u00edtica de privacitat per a m\u00e9s informaci\u00f3. <\/p><ol start=\"8\"><li><strong>  Canvis<\/strong><\/li><\/ol><p>Globe Trott es reserva el dret de modificar aquests T&amp;C en qualsevol moment. Es convida als usuaris a consultar-los peri\u00f2dicament. <\/p><ol start=\"9\"><li><strong>  Llei aplicable<\/strong><\/li><\/ol><p>Aquests T&amp;C estan subjectes a la legislaci\u00f3 espanyola. En cas de controv\u00e8rsia, els tribunals competents seran els de la compet\u00e8ncia del domicili social de l&#8217;editor. <br><br><\/p>\t\t\t\t\t\t\t\t<\/div>\n\t\t\t\t\t<\/div>\n\t\t\t\t<\/div>\n\t\t\t\t<\/div>\n\t\t","protected":false},"excerpt":{"rendered":"<p>TERMES Condicions generals d&#8217;\u00fas (T&amp;C) Presentaci\u00f3 del lloc El web de Globe Trott (https:\/\/globe-trott.com\/) \u00e9s un aparador que ofereix serveis de lloguer de patinets el\u00e8ctrics, amb la possibilitat de fer una sol\u00b7licitud de reserva en l\u00ednia. Aquest lloc web est\u00e0 editat per Globe trott S L, amb domicili social a 15 carrer termes 17257 toreilla [&hellip;]<\/p>\n","protected":false},"author":1,"featured_media":0,"parent":0,"menu_order":0,"comment_status":"closed","ping_status":"closed","template":"elementor_header_footer","meta":{"_joinchat":[],"footnotes":""},"class_list":["post-1124","page","type-page","status-publish","hentry"],"aioseo_notices":[],"_links":{"self":[{"href":"https:\/\/globe-trott.com\/ca\/wp-json\/wp\/v2\/pages\/1124","targetHints":{"allow":["GET"]}}],"collection":[{"href":"https:\/\/globe-trott.com\/ca\/wp-json\/wp\/v2\/pages"}],"about":[{"href":"https:\/\/globe-trott.com\/ca\/wp-json\/wp\/v2\/types\/page"}],"author":[{"embeddable":true,"href":"https:\/\/globe-trott.com\/ca\/wp-json\/wp\/v2\/users\/1"}],"replies":[{"embeddable":true,"href":"https:\/\/globe-trott.com\/ca\/wp-json\/wp\/v2\/comments?post=1124"}],"version-history":[{"count":1,"href":"https:\/\/globe-trott.com\/ca\/wp-json\/wp\/v2\/pages\/1124\/revisions"}],"predecessor-version":[{"id":1125,"href":"https:\/\/globe-trott.com\/ca\/wp-json\/wp\/v2\/pages\/1124\/revisions\/1125"}],"wp:attachment":[{"href":"https:\/\/globe-trott.com\/ca\/wp-json\/wp\/v2\/media?parent=1124"}],"curies":[{"name":"wp","href":"https:\/\/api.w.org\/{rel}","templated":true}]}}